{"id":132,"date":"2018-04-26T13:56:16","date_gmt":"2018-04-26T11:56:16","guid":{"rendered":"https:\/\/forgeim.univ-lyon1.fr\/hkg\/?page_id=132"},"modified":"2026-02-03T22:59:10","modified_gmt":"2026-02-03T21:59:10","slug":"candidatures","status":"publish","type":"page","link":"https:\/\/mastermas.univ-lyon1.fr\/index.php\/candidatures\/","title":{"rendered":"Candidatures 2026-2027"},"content":{"rendered":"\n<div class=\"node node-page node-full\">\n<div class=\"field field-name-body field-type-text-with-summary field-label-hidden\">\n<div class=\"field-items\">\n<div class=\"field-item even\">\n\n\n<h2>Conditions d&rsquo;acc\u00e8s<\/h2>\n<p><strong>Pour candidater en M1<\/strong>, il faut \u00eatre titulaire d&rsquo;une <strong>licence de math\u00e9matiques<\/strong> d&rsquo;une universit\u00e9 fran\u00e7aise ou d&rsquo;un dipl\u00f4me \u00e9quivalent. L&rsquo;acc\u00e8s \u00e0 notre formation <strong>n&rsquo;est jamais obtenu de<\/strong> <strong>droit<\/strong>, m\u00eame pour les \u00e9tudiants de Lyon 1 qui doivent eux aussi candidater. La s\u00e9lection des candidates et des candidats est faite par une commission p\u00e9dagogique. Toute candidature sera \u00e9tudi\u00e9e.<\/p>\n<p>Pour l&rsquo;entr\u00e9e <strong>en M2<\/strong>, il est n\u00e9cessaire d&rsquo;avoir un dipl\u00f4me \u00e9quivalent \u00e0 l&rsquo;un  des <strong>M1 de math\u00e9matiques<\/strong> propos\u00e9s \u00e0 l&rsquo;universit\u00e9 Claude Bernard Lyon 1. Un jury examinera toutes les candidatures quel que soit le dipl\u00f4me pr\u00e9c\u00e9demment obtenu.<\/p>\n\n\n\n<h2>Admission en M1<\/h2>\n<p>Voir le <a href=\"https:\/\/www.monmaster.gouv.fr\/calendrier\">calendrier de la plateforme Mon Master<\/a>.<\/p>\n<p> D\u00e9but de la phase de candidature : <strong>17 f\u00e9vrier 2026<\/strong><br>\nFin de la phase de candidature : <strong>16 mars 2026<\/strong><\/p> \n\n<h2>Comment candidater en M1 ?<\/h2>\n<p>Vous devez utiliser la plateforme <a href=\"http:\/\/monmaster.gouv.fr\">http:\/\/monmaster.gouv.fr<\/a>, sauf si vous \u00eates concern\u00e9s par la proc\u00e9dure <a href=\"https:\/\/www.campusfrance.org\/fr\/candidature-procedure-etudes-en-france\">Etudes en France<\/a> de Campus France (attention aux dates !).<\/p>\n\n\n<h2>Admission en M2<em><br><\/em><\/h2>\n<p><strong>Session 1<\/strong> :<br>\nD\u00e9but de la phase de candidature : <strong>11 mai 2026<\/strong><br>\nFin de la phase de candidature : <strong>26 juin 2026<\/strong><br>\nR\u00e9sultats d&rsquo;admission : <strong>7 juillet 2026<\/strong><\/p>\n\n<p><strong>Session 2 :<\/strong>&nbsp; Il n&rsquo;y a pas de session 2 pour le M2 SMSD. Une deuxi\u00e8me session sera \u00e9ventuellement propos\u00e9e pour le M2 Maths en Action en fonction du nombre de places disponibles.<br><\/p>\n\n\n\n\n<h2>Comment candidater en M2 ?<\/h2>\n<p>Vous devez utiliser l&rsquo;application&nbsp;<a href=\"https:\/\/ecandidat.univ-lyon1.fr\">e-candidat<\/a>, sauf si vous \u00eates concern\u00e9s par la proc\u00e9dure <a href=\"https:\/\/www.campusfrance.org\/fr\/candidature-procedure-etudes-en-france\">Etudes en France<\/a> de Campus France (attention aux dates !).<\/p>\n<\/div>\n<\/div>\n<\/div>\n<\/div>\n","protected":false},"excerpt":{"rendered":"<p>Conditions d&rsquo;acc\u00e8s Pour candidater en M1, il faut \u00eatre titulaire d&rsquo;une licence de math\u00e9matiques d&rsquo;une universit\u00e9 fran\u00e7aise ou d&rsquo;un dipl\u00f4me \u00e9quivalent. L&rsquo;acc\u00e8s \u00e0 notre formation n&rsquo;est jamais obtenu de droit, m\u00eame pour les \u00e9tudiants de Lyon 1 qui doivent eux aussi candidater. La s\u00e9lection des candidates et des candidats est faite par une commission p\u00e9dagogique. <a class=\"more-link\" href=\"https:\/\/mastermas.univ-lyon1.fr\/index.php\/candidatures\/\">Lire plus &#8230;<\/a><\/p>\n","protected":false},"author":5,"featured_media":0,"parent":0,"menu_order":0,"comment_status":"closed","ping_status":"closed","template":"","meta":{"footnotes":""},"class_list":["post-132","page","type-page","status-publish","hentry"],"_links":{"self":[{"href":"https:\/\/mastermas.univ-lyon1.fr\/index.php\/wp-json\/wp\/v2\/pages\/132","targetHints":{"allow":["GET"]}}],"collection":[{"href":"https:\/\/mastermas.univ-lyon1.fr\/index.php\/wp-json\/wp\/v2\/pages"}],"about":[{"href":"https:\/\/mastermas.univ-lyon1.fr\/index.php\/wp-json\/wp\/v2\/types\/page"}],"author":[{"embeddable":true,"href":"https:\/\/mastermas.univ-lyon1.fr\/index.php\/wp-json\/wp\/v2\/users\/5"}],"replies":[{"embeddable":true,"href":"https:\/\/mastermas.univ-lyon1.fr\/index.php\/wp-json\/wp\/v2\/comments?post=132"}],"version-history":[{"count":67,"href":"https:\/\/mastermas.univ-lyon1.fr\/index.php\/wp-json\/wp\/v2\/pages\/132\/revisions"}],"predecessor-version":[{"id":1538,"href":"https:\/\/mastermas.univ-lyon1.fr\/index.php\/wp-json\/wp\/v2\/pages\/132\/revisions\/1538"}],"wp:attachment":[{"href":"https:\/\/mastermas.univ-lyon1.fr\/index.php\/wp-json\/wp\/v2\/media?parent=132"}],"curies":[{"name":"wp","href":"https:\/\/api.w.org\/{rel}","templated":true}]}}