{"id":26,"date":"2018-04-23T21:44:01","date_gmt":"2018-04-23T19:44:01","guid":{"rendered":"https:\/\/forgeim.univ-lyon1.fr\/hkg\/?page_id=26"},"modified":"2022-04-25T21:31:41","modified_gmt":"2022-04-25T19:31:41","slug":"page2-2","status":"publish","type":"page","link":"https:\/\/mastermas.univ-lyon1.fr\/index.php\/page2-2\/","title":{"rendered":"M2 SITN"},"content":{"rendered":"<h3 class=\"align-center\"><span style=\"color: #ff0000;\">Nouveau:<\/span> <em>Le parcours M2 SITN changera \u00e0 la rentr\u00e9e 2022. Pour plus d&rsquo;informations, cliquez <a href=\"https:\/\/mastermas.univ-lyon1.fr\/index.php\/m2-statistique-modelisation-et-science-des-donnees-smsd\/\">ici<\/a>.<\/em><\/h3>\n<h1 class=\"page-title\"><strong>Parcours M2 SITN (Statistique, informatique et techniques num\u00e9riques)<\/strong><\/h1>\n<div class=\"node node-page node-full\">\n<div class=\"field field-name-body field-type-text-with-summary field-label-hidden\">\n<div class=\"field-items\">\n<div class=\"field-item even\">\n<h3 class=\"rtejustify\">Le parcours Statistique, Informatique et Techniques Num\u00e9riques ou SITN est une sp\u00e9cialit\u00e9 professionnelle en ing\u00e9nierie math\u00e9matique. Elle offre aux \u00e9tudiants une formation solide en statistique, avec de bonnes connaissances en informatique, en mod\u00e9lisation et en calcul scientifique.<\/h3>\n<h3 class=\"rtejustify\"><strong>Objectifs<\/strong><\/h3>\n<p class=\"rtejustify\"><strong>Des enseignements de haut niveau<\/strong><\/p>\n<p class=\"rtejustify align-justify\">Les cours de statistiques sont dispens\u00e9s par des enseignants-chercheurs de l&rsquo;universit\u00e9 Lyon-1. Le d\u00e9partement d&rsquo;informatique participe \u00e0 l&rsquo;enseignement de l&rsquo;UE \u00ab\u00a0d\u00e9veloppement informatique\u00a0\u00bb. De plus, la mod\u00e9lisation et le calcul scientifique ont toujours \u00e9t\u00e9 un des axes de travail de nombreux math\u00e9maticiens lyonnais. Leur \u00e9quipe est renforc\u00e9e depuis quelques ann\u00e9es par des bio-math\u00e9maticiens, qui travaillent sur la mod\u00e9lisation du vivant.<\/p>\n<p class=\"rtejustify align-justify\">Pour coller au mieux avec les exigences professionnelles, les enseignants ont mis en place de nombreux travaux pratiques, avec une utilisation intensive des logiciels scientifiques. Des projets dans toutes les mati\u00e8res renforcent la formation.<\/p>\n<p class=\"rtejustify\"><strong>Une formation tourn\u00e9e vers le monde professionnel<\/strong><\/p>\n<p class=\"rtejustify align-justify\">Tout au long de l&rsquo;ann\u00e9e, les \u00e9tudiants sont form\u00e9s afin que leur insertion professionnelle se passe le mieux possible. Nous proposons<\/p>\n<ul>\n<li class=\"rtejustify\">une r\u00e9ception d&rsquo;accueil des nouveaux \u00e9tudiants en pr\u00e9sence des \u00e9tudiants fra\u00eechement dipl\u00f4m\u00e9s, pour un retour d&rsquo;exp\u00e9rience sur les stages de fin d&rsquo;\u00e9tudes,<\/li>\n<li class=\"rtejustify align-justify\">un r\u00e9seau dense d&rsquo;anciens \u00e9tudiants permet aux \u00e9tudiants de mieux appr\u00e9hender les d\u00e9bouch\u00e9s professionnels.<\/li>\n<\/ul>\n<h3 class=\"rtejustify\"><strong>Une formation en alternance<\/strong><\/h3>\n<p class=\"rtejustify align-justify\">Il est possible de suivre cette formation en contrat de professionnalisation. Le rythme de l&rsquo;alternance est grosso modo de :&nbsp;<strong>deux semaines \u00e0 l&rsquo;universit\u00e9 &#8211; deux semaines en entreprise<\/strong>. Les \u00e9tudiants sont \u00e0 plein temps en entreprise \u00e0 partir du d\u00e9but avril.<\/p>\n<p><strong>Programmes<br \/>\n<\/strong><\/p>\n<div class=\"content\">\n<table width=\"527\" cellspacing=\"1\" cellpadding=\"1\" border=\"1\">\n<thead>\n<tr>\n<th scope=\"col\" width=\"50%\">Semestre 3<\/th>\n<th scope=\"col\" width=\"50%\">Semestre 4<\/th>\n<\/tr>\n<\/thead>\n<tbody>\n<tr>\n<td>\n<h5>Unit\u00e9s d&rsquo;enseignement obligatoires&nbsp;:<\/h5>\n<ul>\n<li><a href=\"http:\/\/offre-de-formations.univ-lyon1.fr\/ue-17424-82\/statistique-inferentielle.html\" target=\"_blank\" rel=\"noopener noreferrer\">Statistique inf\u00e9rentielle<\/a>&nbsp;(3 cr\u00e9dits)<\/li>\n<li><a href=\"http:\/\/offre-de-formations.univ-lyon1.fr\/ue-17425-82\/statistique-non-parametrique.html\" target=\"_blank\" rel=\"noopener noreferrer\">Statistique non param\u00e9trique<\/a>&nbsp;(3 cr\u00e9dits)<\/li>\n<li><a href=\"http:\/\/offre-de-formations.univ-lyon1.fr\/ue-17427-82\/modeles-de-regression.html\" target=\"_blank\" rel=\"noopener noreferrer\">Mod\u00e8les de r\u00e9gression<\/a>&nbsp;(3 cr\u00e9dits)<\/li>\n<li><a href=\"http:\/\/offre-de-formations.univ-lyon1.fr\/ue-17428-82\/analyse-factorielle.html\" target=\"_blank\" rel=\"noopener noreferrer\">Analyse factorielle<\/a>&nbsp;(3 cr\u00e9dits)<\/li>\n<li><a href=\"http:\/\/offre-de-formations.univ-lyon1.fr\/ue-17426-82\/modeles-probabilistes.html\" target=\"_blank\" rel=\"noopener noreferrer\">Mod\u00e8les probabilistes<\/a>&nbsp;(3 cr\u00e9dits)<\/li>\n<li><a href=\"http:\/\/offre-de-formations.univ-lyon1.fr\/ue-17422-82\/developpement-informatique.html\" target=\"_blank\" rel=\"noopener noreferrer\">D\u00e9veloppement informatique<\/a>&nbsp;(6 cr\u00e9dits)<\/li>\n<li><a href=\"http:\/\/offre-de-formations.univ-lyon1.fr\/ue-17421-82\/analyse-appliquee-des-edp.html\" target=\"_blank\" rel=\"noopener noreferrer\"><span class=\"UE Obligatoire\">Analyse Appliqu\u00e9es des EDP<\/span><\/a>&nbsp;(3 cr\u00e9dits)<\/li>\n<li><a href=\"http:\/\/offre-de-formations.univ-lyon1.fr\/ue-17423-82\/outils-mathematiques-pour-la-modelisation.html\" target=\"_blank\" rel=\"noopener noreferrer\">Outils math\u00e9matiques pour la mod\u00e9lisation<\/a>&nbsp;(3 cr\u00e9dits)<\/li>\n<li><a href=\"http:\/\/offre-de-formations.univ-lyon1.fr\/ue-17398-82\/anglais-pour-la-communication-professionnelle-niveau-1.html\" target=\"_blank\" rel=\"noopener noreferrer\">Anglais<\/a> (3 cr\u00e9dits)<\/li>\n<\/ul>\n<\/td>\n<td>\n<h5 class=\"align-center\">Unit\u00e9s d&rsquo;enseignement obligatoires:<\/h5>\n<ul>\n<li><a href=\"http:\/\/offre-de-formations.univ-lyon1.fr\/ue-16822-82\/machine-learning.html\" target=\"_blank\" rel=\"noopener noreferrer\">Machine Learning<\/a>&nbsp;(3 c<span class=\"UE Optionnelle\">r\u00e9di<\/span>ts)<\/li>\n<li>Stage en entreprise de 4 \u00e0 6 mois (21 cr\u00e9dits)<\/li>\n<\/ul>\n<h5 class=\"align-center\"><\/h5>\n<h5 class=\"align-center\">Deux unit\u00e9s d&rsquo;enseignement optionnelles \u00e0 choisir parmi:<\/h5>\n<ul>\n<li><a href=\"http:\/\/offre-de-formations.univ-lyon1.fr\/ue-17430-82\/plan-d-experience.html\" target=\"_blank\" rel=\"noopener noreferrer\">Plans d&rsquo;exp\u00e9rience<\/a>&nbsp;(3 c<span class=\"UE Optionnelle\">r\u00e9di<\/span>ts)<\/li>\n<li><a href=\"http:\/\/offre-de-formations.univ-lyon1.fr\/ue-17433-82\/enquetes-et-sondages.html\" target=\"_blank\" rel=\"noopener noreferrer\">Enqu\u00eates et sondages<\/a>&nbsp;(3 c<span class=\"UE Optionnelle\">r\u00e9di<\/span>ts)<\/li>\n<li><span class=\"UE Optionnelle\"><a href=\"http:\/\/offre-de-formations.univ-lyon1.fr\/ue-20490-82\/statistique-bayesienne.html\" target=\"_blank\" rel=\"noopener noreferrer\">Statistique bayesienne<\/a>&nbsp;(3 cr\u00e9dits)<\/span><\/li>\n<li><span class=\"UE Optionnelle\"><a href=\"http:\/\/offre-de-formations.univ-lyon1.fr\/ue-17432-82\/outils-statistiques-avances.html\" target=\"_blank\" rel=\"noopener noreferrer\">Outils statistiques avanc\u00e9s<\/a>&nbsp;(3 cr\u00e9dits)<\/span><\/li>\n<li><a href=\"http:\/\/offre-de-formations.univ-lyon1.fr\/ue-17416-82\/dynamique-des-populations-(partie-i).html\" target=\"_blank\" rel=\"noopener noreferrer\">Dynamique de populations<\/a> (3 cr\u00e9dits)<\/li>\n<li><span class=\"UE Optionnelle\"><a href=\"http:\/\/offre-de-formations.univ-lyon1.fr\/ue-17434-82\/methodes-numeriques-pour-la-dynamique-des-fluides.html\" target=\"_blank\" rel=\"noopener noreferrer\">M\u00e9thodes num\u00e9riques pour la dynamique des fluides<\/a>&nbsp;(3 cr\u00e9dits)<\/span><\/li>\n<\/ul>\n<\/td>\n<\/tr>\n<\/tbody>\n<\/table>\n<\/div>\n<p><strong>Stages<\/strong><\/p>\n<p class=\"rtejustify align-justify\">Vous \u00eates \u00e9tudiants et vous \u00eates \u00e0 la recherche d&rsquo;un stage, d&rsquo;un contrat de professionnalisation, d&rsquo;un emploi,&nbsp;<a href=\"https:\/\/mastermas.univ-lyon1.fr\/index.php\/page-des-stages-et-de-lalternance\/\">rendez-vous \u00e0 la page des stages<\/a>.<\/p>\n<p><strong>Offres de stage et d&#8217;emploi<\/strong> sur <a href=\"https:\/\/univ-lyon1.jobteaser.com\/fr\/backend\" target=\"_blank\" rel=\"noopener noreferrer\">Career Center Lyon 1<\/a><\/p>\n<h3 class=\"rtejustify\"><strong>Conditions d&rsquo;acc\u00e8s<\/strong><\/h3>\n<p>Cette formation est ouverte aux \u00e9tudiants ayant valid\u00e9 une premi\u00e8re ann\u00e9e de master en math\u00e9matiques (ou \u00e9quivalent).<\/p>\n<p class=\"align-justify\">Il est possible de la suivre, en totalit\u00e9 ou partiellement, dans le cadre de la formation continue. Il est aussi possible de valider ce master dans le cadre de la VAE (<a href=\"mailto:Anne.Perrut@univ-lyon1.fr?subject=master%20SITN\">nous contacter<\/a>).<\/p>\n<address>&nbsp;<\/address>\n<\/div>\n<\/div>\n<\/div>\n<\/div>\n","protected":false},"excerpt":{"rendered":"<p>Nouveau: Le parcours M2 SITN changera \u00e0 la rentr\u00e9e 2022. Pour plus d&rsquo;informations, cliquez ici. Parcours M2 SITN (Statistique, informatique et techniques num\u00e9riques) Le parcours Statistique, Informatique et Techniques Num\u00e9riques ou SITN est une sp\u00e9cialit\u00e9 professionnelle en ing\u00e9nierie math\u00e9matique. Elle offre aux \u00e9tudiants une formation solide en statistique, avec de bonnes connaissances en informatique, en <a class=\"more-link\" href=\"https:\/\/mastermas.univ-lyon1.fr\/index.php\/page2-2\/\">Lire plus &#8230;<\/a><\/p>\n","protected":false},"author":5,"featured_media":0,"parent":0,"menu_order":0,"comment_status":"closed","ping_status":"closed","template":"","meta":{"footnotes":""},"class_list":["post-26","page","type-page","status-publish","hentry"],"_links":{"self":[{"href":"https:\/\/mastermas.univ-lyon1.fr\/index.php\/wp-json\/wp\/v2\/pages\/26","targetHints":{"allow":["GET"]}}],"collection":[{"href":"https:\/\/mastermas.univ-lyon1.fr\/index.php\/wp-json\/wp\/v2\/pages"}],"about":[{"href":"https:\/\/mastermas.univ-lyon1.fr\/index.php\/wp-json\/wp\/v2\/types\/page"}],"author":[{"embeddable":true,"href":"https:\/\/mastermas.univ-lyon1.fr\/index.php\/wp-json\/wp\/v2\/users\/5"}],"replies":[{"embeddable":true,"href":"https:\/\/mastermas.univ-lyon1.fr\/index.php\/wp-json\/wp\/v2\/comments?post=26"}],"version-history":[{"count":45,"href":"https:\/\/mastermas.univ-lyon1.fr\/index.php\/wp-json\/wp\/v2\/pages\/26\/revisions"}],"predecessor-version":[{"id":1103,"href":"https:\/\/mastermas.univ-lyon1.fr\/index.php\/wp-json\/wp\/v2\/pages\/26\/revisions\/1103"}],"wp:attachment":[{"href":"https:\/\/mastermas.univ-lyon1.fr\/index.php\/wp-json\/wp\/v2\/media?parent=26"}],"curies":[{"name":"wp","href":"https:\/\/api.w.org\/{rel}","templated":true}]}}