{"id":36,"date":"2018-04-24T09:08:00","date_gmt":"2018-04-24T07:08:00","guid":{"rendered":"https:\/\/forgeim.univ-lyon1.fr\/hkg\/?page_id=36"},"modified":"2025-02-27T16:59:45","modified_gmt":"2025-02-27T15:59:45","slug":"m1","status":"publish","type":"page","link":"https:\/\/mastermas.univ-lyon1.fr\/index.php\/m1\/","title":{"rendered":"M1"},"content":{"rendered":"<div class=\"node node-page node-full\">\n<div class=\"field field-name-body field-type-text-with-summary field-label-hidden\">\n<div class=\"field-items\">\n<div class=\"field-item even\">\n<h3 class=\"rtejustify\"><strong>Objectif<\/strong><\/h3>\n<p class=\"rtejustify align-justify\">La premi\u00e8re ann\u00e9e du master&nbsp;<em>math\u00e9matiques appliqu\u00e9es, statistique<\/em> propose aux \u00e9tudiants une formation diversifi\u00e9e dans tous les champs des math\u00e9matiques appliqu\u00e9es : mod\u00e9lisation, probabilit\u00e9s, statistique, analyse num\u00e9rique, et leur mise en \u0153uvre sur ordinateur (langages de programmation et logiciels sp\u00e9cifiques). Les \u00e9tudiants peuvent ainsi choisir leur sp\u00e9cialisation en deuxi\u00e8me ann\u00e9e.<\/p>\n<p class=\"rtejustify align-justify\">Cette premi\u00e8re ann\u00e9e est caract\u00e9ris\u00e9e par une forte interaction entre cours fondamentaux et modules appliqu\u00e9s. En particulier, un projet longue dur\u00e9e, avec 6 cr\u00e9dits, permet de rassembler les connaissances th\u00e9oriques et pratiques sur un probl\u00e8me concret. Ce projet peut \u00eatre r\u00e9alis\u00e9 en collaboration avec des partenaires socio-\u00e9conomiques (entreprises) ou acad\u00e9miques (laboratoires de recherche).<\/p>\n<\/div>\n<h3 class=\"rtejustify\"><strong>Programmes<\/strong><\/h3>\n<div class=\"content\">\n<table style=\"height: 420px;\" border=\"1\" width=\"874\" cellspacing=\"1\" cellpadding=\"1\">\n<thead>\n<tr>\n<th scope=\"col\" width=\"50%\">Semestre 1<\/th>\n<th scope=\"col\" width=\"50%\">Semestre 2<\/th>\n<\/tr>\n<\/thead>\n<tbody>\n<tr>\n<td><strong>Unit\u00e9s d&rsquo;enseignement obligatoires :<\/strong><p><\/p>\n<ul>\n<li><a href=\"http:\/\/offre-de-formations.univ-lyon1.fr\/ue-17402-1237\/probabilites.html\">Probabilit\u00e9s (6 cr\u00e9dits)<\/a><\/li>\n<li><a href=\"https:\/\/offre-de-formations.univ-lyon1.fr\/%2Fue-8681-1605%2Fstatistique-parametrique.html\">Statistique param\u00e9trique (6 cr\u00e9dits)<\/a><\/li>\n<li><a href=\"http:\/\/offre-de-formations.univ-lyon1.fr\/ue-17400-1237\/analyse-appliquees-et-edp.html\">Analyse appliqu\u00e9e et&nbsp;EDP (6 cr\u00e9dits)<\/a><\/li>\n<li><a href=\"https:\/\/offre-de-formations.univ-lyon1.fr\/%2Fue-25297-1605%2Fschemas-numeriques-pour-les-edp.html\">Sch\u00e9mas num\u00e9riques pour les EDP (3 cr\u00e9dits)<\/a><\/li>\n<li><a href=\"http:\/\/offre-de-formations.univ-lyon1.fr\/ue-8682-1237\/logiciels-scientifiques.html\">Logiciels scientifiques (3 cr\u00e9dits)<\/a><\/li>\n<li>Insertion professionnelle (3 cr\u00e9dits)<\/li>\n<li><a href=\"http:\/\/offre-de-formations.univ-lyon1.fr\/ue-4496-1237\/anglais-des-affaires.html\">Anglais<\/a><\/li>\n<\/ul>\n<\/td>\n<td><strong>Unit\u00e9s d&rsquo;enseignements obligatoires :<\/strong><p><\/p>\n<ul>\n<li><a href=\"https:\/\/offre-de-formations.univ-lyon1.fr\/%2Fue-25299-1605%2Foptimisation.html\">Optimisation (6 cr\u00e9dits)<\/a><\/li>\n<li><a href=\"https:\/\/offre-de-formations.univ-lyon1.fr\/%2Fue-25300-1605%2Fclassification-et-reseaux-de-neurones.html\">Classification et r\u00e9seaux de neurones (6 cr\u00e9dits)<\/a><\/li>\n<li><a href=\"http:\/\/offre-de-formations.univ-lyon1.fr\/ue-17465-1237\/projet-en-mathematiques-appliquees.html\">Projet en math\u00e9matiques appliqu\u00e9es (6 cr\u00e9dits)<\/a><\/li>\n<\/ul>\n<p><strong>Unit\u00e9s d&rsquo;enseignement optionnelles (4 parmi 7) :<\/strong><\/p>\n<ul>\n<li><a href=\"https:\/\/offre-de-formations.univ-lyon1.fr\/%2Fue-25302-1605%2Fprocessus-stochastiques-et-modelisation.html\">Processus stochastiques et mod\u00e9lisation (3 cr\u00e9dits)<\/a><\/li>\n<li><a href=\"https:\/\/offre-de-formations.univ-lyon1.fr\/%2Fue-25303-1605%2Fdependance-multivariee-et-temporelle.html\">D\u00e9pendance multivari\u00e9e et temporelle (3 cr\u00e9dits)<\/a><\/li>\n<li><a href=\"https:\/\/offre-de-formations.univ-lyon1.fr\/%2Fue-25304-1605%2Fstatistique-bayesienne.html\">Statistique bayesienne (3 cr\u00e9dits)<\/a><\/li>\n<li><a href=\"https:\/\/offre-de-formations.univ-lyon1.fr\/%2Fue-25305-1605%2Fstat-des-risques-environnementaux--extremes-univaries.html\">Statistique des risques environnementaux : extr\u00eames univari\u00e9s (3 cr\u00e9dits)<\/a><\/li>\n<li><a href=\"https:\/\/offre-de-formations.univ-lyon1.fr\/%2Fue-25306-1605%2Fcas-pratiques.html\">Cas pratiques (3 cr\u00e9dits)<\/a><\/li>\n<li><a href=\"https:\/\/offre-de-formations.univ-lyon1.fr\/%2Fue-25307-1605%2Ftraitement-numerique-du-signal-et-des-images.html\">Traitement du signal, image (3 cr\u00e9dits)<\/a><\/li>\n<li><a href=\"https:\/\/offre-de-formations.univ-lyon1.fr\/%2Fue-25308-1605%2Fsystemes-dynamiques.html\">Syst\u00e8mes dynamiques (3 cr\u00e9dits)<\/a><\/li>\n<\/ul>\n<\/td>\n<\/tr>\n<\/tbody>\n<\/table>\n<\/div>\n<h3 class=\"rtejustify\"><strong>Conditions d&rsquo;acc\u00e8s<\/strong><\/h3>\n<p class=\"rtejustify\"><strong>Pour candidater en M1<\/strong>, il faut \u00eatre titulaire d&rsquo;une&nbsp;<strong>licence de math\u00e9matiques<\/strong>&nbsp;d&rsquo;une universit\u00e9 fran\u00e7aise ou d&rsquo;un dipl\u00f4me \u00e9quivalent. L&rsquo;entr\u00e9e dans cette formation&nbsp;<strong>n&rsquo;est jamais obtenue de droit.<\/strong> Tous les \u00e9tudiants doivent remplir un dossier de candidature. La s\u00e9lection des candidates et des candidats est faite par une commission p\u00e9dagogique.<\/p>\n<h3 class=\"rtejustify\"><strong>Candidatures en M1 MAS<\/strong><\/h3>\n<p>Renseignements sur la page <a href=\"https:\/\/mastermas.univ-lyon1.fr\/index.php\/candidatures\">candidatures<\/a>.<\/p>\n<p>Pour toute question, n&rsquo;h\u00e9sitez pas \u00e0 contacter le responsable : <a href=\"mailto:poquet@math.univ-lyon1.fr\">Christophe POQUET<\/a><\/p>\n<h3 class=\"rtejustify\"><strong>D\u00e9bouch\u00e9s<\/strong><\/h3>\n<p>Les d\u00e9bouch\u00e9s de ce M1 sont le&nbsp;<a href=\"https:\/\/mastermas.univ-lyon1.fr\/index.php\/m2-statistique-modelisation-et-science-des-donnees-smsd\">M2 Statistique, mod\u00e9lisation et science des donn\u00e9es<\/a> et le <a href=\"https:\/\/mastermas.univ-lyon1.fr\/index.php\/page3-2\/\">M2 Maths en action<\/a> du master <a href=\"https:\/\/mastermas.univ-lyon1.fr\/\">Math\u00e9matiques appliqu\u00e9es, statistique<\/a>.<\/p>\n<p class=\" align-justify\" =\"\"=\"\">Les \u00e9tudiants peuvent \u00e9galement postuler en M2 de tous les masters de math\u00e9matiques appliqu\u00e9es ou d&rsquo;ing\u00e9nierie math\u00e9matique (en France, comme \u00e0 l&rsquo;\u00e9tranger).<\/p>\n<p><a href=\"Math\u00e9matiques appliqu\u00e9es, statistique.<\/p>\n<p class=\" align-justify\"=\"\">\n<\/a><\/p><\/div>\n<p><a href=\"Math\u00e9matiques appliqu\u00e9es, statistique.<\/p>\n<p class=\" align-justify\"=\"\">\n<\/a><\/p><\/div>\n<p><a href=\"Math\u00e9matiques appliqu\u00e9es, statistique.<\/p>\n<p class=\" align-justify\"=\"\">\n<\/a><\/p><\/div>\n\n\n<blockquote class=\"wp-block-quote is-layout-flow wp-block-quote-is-layout-flow\">\n<p><\/p>\n<\/blockquote>\n","protected":false},"excerpt":{"rendered":"<p>Objectif La premi\u00e8re ann\u00e9e du master&nbsp;math\u00e9matiques appliqu\u00e9es, statistique propose aux \u00e9tudiants une formation diversifi\u00e9e dans tous les champs des math\u00e9matiques appliqu\u00e9es : mod\u00e9lisation, probabilit\u00e9s, statistique, analyse num\u00e9rique, et leur mise en \u0153uvre sur ordinateur (langages de programmation et logiciels sp\u00e9cifiques). Les \u00e9tudiants peuvent ainsi choisir leur sp\u00e9cialisation en deuxi\u00e8me ann\u00e9e. Cette premi\u00e8re ann\u00e9e est caract\u00e9ris\u00e9e <a class=\"more-link\" href=\"https:\/\/mastermas.univ-lyon1.fr\/index.php\/m1\/\">Lire plus &#8230;<\/a><\/p>\n","protected":false},"author":1,"featured_media":0,"parent":0,"menu_order":0,"comment_status":"closed","ping_status":"closed","template":"","meta":{"footnotes":""},"class_list":["post-36","page","type-page","status-publish","hentry"],"_links":{"self":[{"href":"https:\/\/mastermas.univ-lyon1.fr\/index.php\/wp-json\/wp\/v2\/pages\/36","targetHints":{"allow":["GET"]}}],"collection":[{"href":"https:\/\/mastermas.univ-lyon1.fr\/index.php\/wp-json\/wp\/v2\/pages"}],"about":[{"href":"https:\/\/mastermas.univ-lyon1.fr\/index.php\/wp-json\/wp\/v2\/types\/page"}],"author":[{"embeddable":true,"href":"https:\/\/mastermas.univ-lyon1.fr\/index.php\/wp-json\/wp\/v2\/users\/1"}],"replies":[{"embeddable":true,"href":"https:\/\/mastermas.univ-lyon1.fr\/index.php\/wp-json\/wp\/v2\/comments?post=36"}],"version-history":[{"count":30,"href":"https:\/\/mastermas.univ-lyon1.fr\/index.php\/wp-json\/wp\/v2\/pages\/36\/revisions"}],"predecessor-version":[{"id":1477,"href":"https:\/\/mastermas.univ-lyon1.fr\/index.php\/wp-json\/wp\/v2\/pages\/36\/revisions\/1477"}],"wp:attachment":[{"href":"https:\/\/mastermas.univ-lyon1.fr\/index.php\/wp-json\/wp\/v2\/media?parent=36"}],"curies":[{"name":"wp","href":"https:\/\/api.w.org\/{rel}","templated":true}]}}