{"id":591,"date":"2019-06-21T15:34:57","date_gmt":"2019-06-21T13:34:57","guid":{"rendered":"http:\/\/mastermas.univ-lyon1.fr\/?page_id=591"},"modified":"2026-04-10T11:32:38","modified_gmt":"2026-04-10T09:32:38","slug":"debouches","status":"publish","type":"page","link":"https:\/\/mastermas.univ-lyon1.fr\/index.php\/debouches\/","title":{"rendered":"Stages et d\u00e9bouch\u00e9s \u00e0 l&rsquo;issue du M2 Maths en action"},"content":{"rendered":"\n<p>Le M2 Maths en Action a pour vocation premi\u00e8re de former \u00e0 la recherche, aussi bien acad\u00e9mique que celle effectu\u00e9e dans des services R&amp;D d&rsquo;entreprises. Les diff\u00e9rents enseignements propos\u00e9s sont en lien \u00e9troit avec l&rsquo;\u00e9tat de l&rsquo;art de la recherche.   <\/p>\n\n\n\n<p><\/p>\n\n\n\n<h2 class=\"wp-block-heading\">Stage d&rsquo;initiation \u00e0 la recherche<\/h2>\n\n\n\n<p>Le stage de fin d&rsquo;\u00e9tudes se d\u00e9roule entre le d\u00e9but du mois d&rsquo;avril et la fin du mois de septembre (dur\u00e9e minimale de 17 semaines). Il peut \u00eatre r\u00e9alis\u00e9 aussi bien en entreprise qu&rsquo;au sein d&rsquo;un laboratoire de recherche acad\u00e9mique. Les propositions transmises chaque ann\u00e9e aux \u00e9tudiants du M2 sont nombreuses. Elles \u00e9manent de nombreuses structures de recherche dans la r\u00e9gion, ailleurs en France, et \u00e0 l&rsquo;\u00e9tranger.<\/p>\n\n\n\n<p>Voici quelques sujets et lieux de stages effectu\u00e9s par des \u00e9tudiants des promotions r\u00e9centes :<\/p>\n\n\n\n<ul class=\"wp-block-list\">\n<li>IA g\u00e9n\u00e9rative : mod\u00e8les de diffusion et g\u00e9n\u00e9ration de textures multivari\u00e9es, multifractales et anisotropes (ENS Lyon)<\/li>\n\n\n\n<li>Navigation par satellite am\u00e9lior\u00e9e et positionnement RTK (ArianeGroup)<\/li>\n\n\n\n<li>D\u00e9veloppement d\u2019un pricer de produits structur\u00e9s (Forvis Mazars)<\/li>\n\n\n\n<li>Domain adaptation of large language models to new data distributions (U. Lyon 2)<\/li>\n\n\n\n<li>Cartes orthotropes pour la g\u00e9n\u00e9ration de maillages (LORIA, Nancy)<\/li>\n\n\n\n<li>Etude statistique par m\u00e9thodes de clustering de caract\u00e9ristiques ph\u00e9notypiques et g\u00e9n\u00e9tiques en lien avec la maladie d&rsquo;Alzheimer (Institut Pasteur, Lille)<\/li>\n\n\n\n<li>Machine learning weather prediction (U. Ghent, Belgique)<\/li>\n\n\n\n<li>Processus spatiaux pour la transcriptomique unicellulaire (ENS Lyon)<\/li>\n\n\n\n<li>Analyse de la propagation dans un mod\u00e8le pour un phytovirus transmis par un insecte vecteur dans un milieu spatialement p\u00e9riodique (U. Lyon 1)<\/li>\n\n\n\n<li>Influence of damage on the global stability of nonlinear systems (INRIA Rennes)\u00a0<\/li>\n\n\n\n<li>Interpretability of kernel testing in single-cell data analysis (ENS Lyon)<\/li>\n\n\n\n<li>Mod\u00e9lisation de l&rsquo;art\u00e9rite \u00e0 cellules g\u00e9antes (U. Lyon 1)<\/li>\n\n\n\n<li>Pr\u00e9diction et suivi du cancer du sein par intelligence artificielle multimodale (Astek)<\/li>\n\n\n\n<li>Mathematical modelling of cancer invasion and metastatic spread (U. St Andrews, Ecosse)<\/li>\n\n\n\n<li>Analyse de l&rsquo;association longitudinale entre l&rsquo;exposition aux facteurs environnementaux et le d\u00e9veloppement de l&rsquo;enfant (U. Grenoble Alpes)<\/li>\n\n\n\n<li>Math\u00e9matiques et ing\u00e9nierie num\u00e9rique appliqu\u00e9es \u00e0 l\u2019anatomie computationnelle : recalage d\u2019images m\u00e9dicales et diff\u00e9omorphom\u00e9trie (Dassault Syst\u00e8mes)<\/li>\n\n\n\n<li>Utilisation de techniques d\u2019IA g\u00e9n\u00e9rative pour une param\u00e9trisation (stochastique) de la convection profonde dans ARP-GEM (Centre National de Recherche en M\u00e9t\u00e9orologie &#8211; M\u00e9t\u00e9o-France, Toulouse)<\/li>\n\n\n\n<li>Analyse de la stabilit\u00e9 et des bifurcations des m\u00e9thodes\u00a0num\u00e9riques de r\u00e9solution de la dynamique non-lisse d\u2019une\u00a0poutre visco-\u00e9lastique frottant sur des but\u00e9es : application \u00e0\u00a0un mod\u00e8le simplifi\u00e9 de m\u00e9canisme de commande de grappe (Framatome)<\/li>\n\n\n\n<li>Variational Bayesian last layers for exploration in visual reinforcement learning (U. Bochum, Allemagne)<\/li>\n\n\n\n<li>Acceleration of FEM simulation of elasto-plastic soils using model\u00a0order reduction with hybrid hyper-reduction (INRIA, Grenoble)<\/li>\n\n\n\n<li>Reconstruction tomographique avec intervalles de confiance (INSA Lyon)<\/li>\n\n\n\n<li>Time-series prediction using Gaussian process modeling, with application to solving differential equations (U. of California Santa Cruz, Etats-Unis)<\/li>\n\n\n\n<li>\u00c9laboration de s\u00e9ries de temp\u00e9ratures repr\u00e9sentatives de vagues de chaleur extr\u00eames en France (Autorit\u00e9 de S\u00fbret\u00e9 Nucl\u00e9aire et de Radioprotection)<\/li>\n\n\n\n<li>D\u00e9veloppement d\u2019un mod\u00e8le de machine learning pour la pr\u00e9diction de l\u2019\u00e9volution de la consommation \u00e9nerg\u00e9tique des sites techniques induite par l\u2019augmentation des temp\u00e9ratures (Orange)<\/li>\n\n\n\n<li>Homog\u00e9n\u00e9isation pour les fluides compressibles (U. Lyon 1)<\/li>\n\n\n\n<li>Mod\u00e9lisation EDP de la s\u00e9paration de phase et du mouvement collectif de Dictyostelium discoideum (U. Lyon 1)<\/li>\n\n\n\n<li>Machine learning, mod\u00e8les r\u00e9duits et optimisation appliqu\u00e9s aux proc\u00e9d\u00e9s de fabrication (Michelin)<\/li>\n\n\n\n<li>Contr\u00f4le optimal d&rsquo;un consortium algues-bact\u00e9ries (INRIA U. C\u00f4te d\u2019Azur)<\/li>\n\n\n\n<li>Simulation des d\u00e9placements et des variations de gravit\u00e9 associ\u00e9es \u00e0 des sources en contexte volcanique (U. Jean-Monnet)<\/li>\n\n\n\n<li>Physics informed neural networks (Polytechnique Montr\u00e9al, Canada)<\/li>\n\n\n\n<li>Mathematical modeling and analysis for biological rhythms of 12 hours (INRIA Sophia Antipolis)<\/li>\n\n\n\n<li>EDP elliptiques non-lin\u00e9aires sur les r\u00e9seaux (INRIA Rennes)<\/li>\n\n\n\n<li>Machine learning (Centre de Machine Learning de G\u00eanes, Italie)<\/li>\n\n\n\n<li>Actuator and sensor placement for neural fields (Centrale Sup\u00e9lec)<\/li>\n\n\n\n<li>Strat\u00e9gie de voting pour la d\u00e9couverte causale int\u00e9grant une quantification de l\u2019incertitude (U. C\u00f4te d\u2019Azur)<\/li>\n\n\n\n<li>Classification de documents par liaison d\u2019entit\u00e9s cibles (Kilowattsol)<\/li>\n\n\n\n<li>Mod\u00e9lisation et simulation num\u00e9rique des mobilit\u00e9s urbaines (INRAE Avignon)<\/li>\n\n\n\n<li>Histoire \u00e9volutive d&rsquo;une tumeur (U. Montpellier)<\/li>\n\n\n\n<li>Etude de l\u2019\u00e9volution de la maladie d\u2019Alzheimer par la dynamique des prot\u00e9ines intra-cellulaires soumises \u00e0 du stress oxydant (U. Lyon 1)<\/li>\n\n\n\n<li>Extension \u00e0 la plasticit\u00e9 d\u2019une m\u00e9thode de couplage spatial et temporel de solveurs volumes finis (CEA)- Limite d&rsquo;\u00e9chelle de la descente de gradient (Universit\u00e9 de Montr\u00e9al, Canada)<\/li>\n\n\n\n<li>Kernel testing for spatial distributions (ENS Lyon)<\/li>\n\n\n\n<li>Simulations HPC d&rsquo;\u00e9coulements diphasiques par LBM (CEA Paris Saclay)<\/li>\n\n\n\n<li>Etude de mod\u00e8les en oc\u00e9anographie c\u00f4ti\u00e8re avec propri\u00e9t\u00e9 dispersives am\u00e9lior\u00e9es (Institut Camille Jordan, Lyon)<\/li>\n\n\n\n<li>Solution of large sparse linear systems by mixed-precision domain decomposition methods (Laboratoire Jacques-Louis Lions, Paris)<\/li>\n\n\n\n<li>Intermittency in stratified turbulence (Laboratoire de M\u00e9canique des Fluides et d&rsquo;Acoustique, Lyon)<\/li>\n\n\n\n<li>\u00c9tude d&rsquo;une EDP d\u00e9crivant l&rsquo;interaction entre une tumeur et le syst\u00e8me immunitaire (Institut d&rsquo;Avanc\u00e9es en Biosciences, Grenoble)<\/li>\n\n\n\n<li>Estimation du taux de saut des processus de Markov d\u00e9terministes par morceaux (ENS de Lyon)<\/li>\n\n\n\n<li>Pseudo-Differential Neural Networks: Generative Models for Infinite-Dimensional Spaces (Centre de Machine Learning, Universit\u00e9 de G\u00eanes, Italie)<\/li>\n\n\n\n<li>Spatial transfer of deep learning models for rapeseed crop mapping\u00a0(INRAE, Montpellier)<\/li>\n\n\n\n<li>Mod\u00e9lisation de l&rsquo;\u00e9volution des \u00e9l\u00e9ments transposables au cours de l&rsquo;adaptation \u00e0 l\u2019environnement\u00a0(Laboratoire \u00c9volution &amp; Diversit\u00e9 Biologique, Toulouse)<\/li>\n\n\n\n<li>IA G\u00e9n\u00e9rative et d\u00e9veloppement de dmo\u00e8les (CGI Luxembourg)<\/li>\n\n\n\n<li>Auto-encoders dans la r\u00e9ductioon dimensionnelle (Bioaster, Lyon)<\/li>\n\n\n\n<li>Two-dimensional entropy-preserving schemes for hyperbolic conservation laws (Institut Camille Jordan, Lyon)<\/li>\n\n\n\n<li>Differentiable contouring of implicit surfaces (Adobe Research, Lyon)<\/li>\n\n\n\n<li>Prediction of instability phenomena in mixed rock and ice massifs and run-out of granular flows linked to the thawing of permafrost in high mountains. (INRIA Grenoble)<\/li>\n\n\n\n<li>Optimisation sur l&rsquo;espace des mesures et inf\u00e9rence pour des mod\u00e8les de m\u00e9lange (Institut Camille Jordan, Lyon)<\/li>\n\n\n\n<li>Analyse et classification des spectres optiques de glioblastomes en utilisant le Machine Learning et le Deep Learning (CREATIS, Lyon)<\/li>\n\n\n\n<li>Regional models for turbulent convection in a rapidly rotating shell (Laboratoire de M\u00e9canique des Fluides, Lyon)<\/li>\n\n\n\n<li>D\u00e9veloppement d&rsquo;un prototype d&rsquo;application (\u00c9quipe transport et mobilit\u00e9, Dassault Syst\u00e8me, Lyon)<\/li>\n\n\n\n<li>Deep learning methods for protein-ligand docking (Max-Planck Institut f\u00fcr Biochemie, M\u00fcnich, Allemagne)<\/li>\n\n\n\n<li>Am\u00e9lioration du mod\u00e8le de dispersion atmosph\u00e9rique \u00e0 r\u00e9ponse rapide PMSS\u00a0(ARIA Technologies\/SUEZ Air&amp;Climate Solutions, Nanterre)<\/li>\n\n\n\n<li>Modeling the population dynamics of\u00a0Drosophila suzukii\u00a0and optimizing releases for the deployment of the\u00a0Sterile Insect Technique\u00a0(INRAE, Sophia Antipolis)<\/li>\n\n\n\n<li>Mod\u00e8le r\u00e9duit d&rsquo;\u00e9coulement d&rsquo;air autour d&rsquo;une \u00e9olienne (Scalian, Rennes)<\/li>\n<\/ul>\n\n\n\n<p><\/p>\n\n\n\n<h2 class=\"wp-block-heading\">D\u00e9bouch\u00e9s<\/h2>\n\n\n\n<p>Le taux de poursuite en th\u00e8se \u00e0 l&rsquo;issue de la formation est \u00e0 l&rsquo;image du positionnement fort du M2 Maths en action vers les m\u00e9tiers de la recherche. <\/p>\n\n\n\n<p>Voici le devenir de quelques \u00e9tudiants de la promotion 2023-2024 :<\/p>\n\n\n\n<p><\/p>\n\n\n\n<ul class=\"wp-block-list\">\n<li>Th\u00e8se math\u00e9matiques et biologie (ENS de Lyon)<\/li>\n\n\n\n<li>Th\u00e8se math\u00e9matiques et m\u00e9canique des fluides (INRIA Rennes)<\/li>\n\n\n\n<li>Th\u00e8se math\u00e9matiques et m\u00e9canique des fluides (Institut Camille Jordan, Lyon)<\/li>\n\n\n\n<li>Th\u00e8se d&rsquo;analyse num\u00e9rique et calcul scientifique (Sorbonne universit\u00e9, Paris)<\/li>\n\n\n\n<li>Th\u00e8se math\u00e9matiques et m\u00e9canique des fluides (Ecole centrale de Lyon)<\/li>\n\n\n\n<li>Th\u00e8se math\u00e9matique et biologie (INRAE Montpellier)<\/li>\n\n\n\n<li>Th\u00e8se statistique des extr\u00eames (Universit\u00e9 d&rsquo;Angers)<\/li>\n\n\n\n<li>Sp\u00e9cialiste technique (Apple, Lyon)<\/li>\n\n\n\n<li>Th\u00e8se machine learning et biologie (Lyon)<\/li>\n\n\n\n<li>Th\u00e8se optimisation et traitement d&rsquo;images (ENS de Lyon)<\/li>\n\n\n\n<li>Th\u00e8se math\u00e9matiques et \u00e9cologie des populations (Universit\u00e9 de Lille)<\/li>\n\n\n\n<li>Th\u00e8se math\u00e9matiques et m\u00e9canique des fluides (Universit\u00e9 d&rsquo;Eindhoven, Pays-Bas)<\/li>\n\n\n\n<li>Th\u00e8se g\u00e9om\u00e9trie discr\u00e8te et informatique graphique (LIRIS, Lyon)<\/li>\n\n\n\n<li>Th\u00e8se math\u00e9matiques et m\u00e9canique des fluides (Grenoble)<\/li>\n\n\n\n<li>Th\u00e8se apprentissage statistique (Institut Camille Jordan, Lyon)<\/li>\n\n\n\n<li>Th\u00e8se math\u00e9matiques et m\u00e9canique des fluides (Ecole centrale de Lyon)<\/li>\n\n\n\n<li>Th\u00e8se math\u00e9matiques et transport urbain (IFSTTAR, Champs sur Marne)<\/li>\n\n\n\n<li>Th\u00e8se math\u00e9matiques et biologie (INRIA Sophia Antipolis) <\/li>\n<\/ul>\n\n\n\n<h2 class=\"wp-block-heading\">Recherche de th\u00e8se, recherche d&#8217;emploi<\/h2>\n\n\n\n<p><strong>Doctorat<\/strong>&nbsp;<strong>:&nbsp;<\/strong><a rel=\"noopener noreferrer\" href=\"http:\/\/www.anrt.asso.fr\/\" target=\"_blank\">ANRT<\/a>&nbsp;(toute l&rsquo;offre des th\u00e8ses CIFRE),&nbsp;<a href=\"http:\/\/phd.sfds.asso.fr\/consult.php\">catalogue de th\u00e8ses en statistique<\/a><\/p>\n\n\n\n<p><strong>Soci\u00e9t\u00e9s savantes :<\/strong><\/p>\n\n\n\n<ul class=\"wp-block-list\">\n<li><a href=\"http:\/\/smai.emath.fr\/\" target=\"_blank\" rel=\"noopener noreferrer\">SMAI<\/a>&nbsp;(Soci\u00e9t\u00e9 de Math\u00e9matiques Appliqu\u00e9es et Industrielles)<\/li>\n\n\n\n<li><a href=\"http:\/\/smf.emath.fr\/\" target=\"_blank\" rel=\"noopener noreferrer\">SMF<\/a>&nbsp;(Soci\u00e9t\u00e9 Math\u00e9matique de France)<\/li>\n\n\n\n<li><a href=\"http:\/\/www.sfds.asso.fr\/\" target=\"_blank\" rel=\"noopener noreferrer\">SFdS<\/a>&nbsp;(Soci\u00e9t\u00e9 Fran\u00e7aise de Statistique)<\/li>\n<\/ul>\n\n\n\n<p><strong>Divers :<\/strong><\/p>\n\n\n\n<ul class=\"wp-block-list\">\n<li><a href=\"http:\/\/jd.apec.fr\/\" target=\"_blank\" rel=\"noopener noreferrer\">APEC, jeunes dipl\u00f4m\u00e9s<\/a><\/li>\n\n\n\n<li><a href=\"https:\/\/uq.math.cnrs.fr\/job_thesis_internship_positions\">Offres<\/a> du r\u00e9seau th\u00e9matique <a href=\"https:\/\/uq.math.cnrs.fr\/\">UQ<\/a> (Uncertainty Quantification)<\/li>\n\n\n\n<li><a href=\"https:\/\/rt-maiages.math.cnrs.fr\/page\/emplois\/\">Offres<\/a> du r\u00e9seau th\u00e9matique <a href=\"https:\/\/rt-maiages.math.cnrs.fr\/\">MAIAGES<\/a> (MAth\u00e9matiques de l\u2019Imagerie, Apprentissage et GEom\u00e9trie Stochastique)<\/li>\n<\/ul>\n\n\n\n<p><\/p>\n","protected":false},"excerpt":{"rendered":"<p>Le M2 Maths en Action a pour vocation premi\u00e8re de former \u00e0 la recherche, aussi bien acad\u00e9mique que celle effectu\u00e9e dans des services R&amp;D d&rsquo;entreprises. Les diff\u00e9rents enseignements propos\u00e9s sont en lien \u00e9troit avec l&rsquo;\u00e9tat de l&rsquo;art de la recherche. Stage d&rsquo;initiation \u00e0 la recherche Le stage de fin d&rsquo;\u00e9tudes se d\u00e9roule entre le d\u00e9but <a class=\"more-link\" href=\"https:\/\/mastermas.univ-lyon1.fr\/index.php\/debouches\/\">Lire plus &#8230;<\/a><\/p>\n","protected":false},"author":1,"featured_media":0,"parent":0,"menu_order":0,"comment_status":"closed","ping_status":"closed","template":"","meta":{"footnotes":""},"class_list":["post-591","page","type-page","status-publish","hentry"],"_links":{"self":[{"href":"https:\/\/mastermas.univ-lyon1.fr\/index.php\/wp-json\/wp\/v2\/pages\/591","targetHints":{"allow":["GET"]}}],"collection":[{"href":"https:\/\/mastermas.univ-lyon1.fr\/index.php\/wp-json\/wp\/v2\/pages"}],"about":[{"href":"https:\/\/mastermas.univ-lyon1.fr\/index.php\/wp-json\/wp\/v2\/types\/page"}],"author":[{"embeddable":true,"href":"https:\/\/mastermas.univ-lyon1.fr\/index.php\/wp-json\/wp\/v2\/users\/1"}],"replies":[{"embeddable":true,"href":"https:\/\/mastermas.univ-lyon1.fr\/index.php\/wp-json\/wp\/v2\/comments?post=591"}],"version-history":[{"count":13,"href":"https:\/\/mastermas.univ-lyon1.fr\/index.php\/wp-json\/wp\/v2\/pages\/591\/revisions"}],"predecessor-version":[{"id":1554,"href":"https:\/\/mastermas.univ-lyon1.fr\/index.php\/wp-json\/wp\/v2\/pages\/591\/revisions\/1554"}],"wp:attachment":[{"href":"https:\/\/mastermas.univ-lyon1.fr\/index.php\/wp-json\/wp\/v2\/media?parent=591"}],"curies":[{"name":"wp","href":"https:\/\/api.w.org\/{rel}","templated":true}]}}