{"id":768,"date":"2021-11-29T17:42:19","date_gmt":"2021-11-29T16:42:19","guid":{"rendered":"https:\/\/mastermas.univ-lyon1.fr\/?page_id=768"},"modified":"2025-02-19T15:03:47","modified_gmt":"2025-02-19T14:03:47","slug":"majeure-mathematiques-image-data","status":"publish","type":"page","link":"https:\/\/mastermas.univ-lyon1.fr\/index.php\/majeure-mathematiques-image-data\/","title":{"rendered":"Majeure Math\u00e9matiques, Images, Data"},"content":{"rendered":"\n<p>Le traitement d&rsquo;images et le traitement de donn\u00e9es sont au c\u0153ur de nombreuses applications : imagerie m\u00e9dicale, imagerie a\u00e9rienne ou spatiale, \u00e9cologie spatiale, robotique, intelligence artificielle, contr\u00f4le qualit\u00e9 dans l&rsquo;industrie, pr\u00e9visions m\u00e9t\u00e9orologiques, informatique graphique, etc. Cette majeure a pour ambition d&rsquo;introduire certains outils math\u00e9matiques, d\u00e9terministes, statistiques et probabilistes qui sont au c\u0153ur du traitement d&rsquo;images et du traitement de donn\u00e9es. Cette majeure est \u00e9troitement associ\u00e9e \u00e0 la majeure <a href=\"https:\/\/mastermas.univ-lyon1.fr\/index.php\/majeure-mathematiques-apprentissage-statistique-et-machine-learning\/\">Math\u00e9matiques, apprentissage statistique et machine learning<\/a> avec laquelle elle a deux cours en commun.<\/p>\n\n\n\n<p>Les cours de cette majeure sont associ\u00e9s \u00e0 <br>  &#8211; une s\u00e9quence de remise \u00e0 niveau<br>  &#8211; un <a href=\"https:\/\/mastermas.univ-lyon1.fr\/index.php\/tronc-commun\/\">tronc commun<\/a> au premier semestre<br>  &#8211; deux autres cours \u00e0 choisir parmi ceux propos\u00e9s dans les autres majeures (voir la <a href=\"https:\/\/mastermas.univ-lyon1.fr\/index.php\/m2-maths-en-action\/\">page d&rsquo;accueil<\/a> pour la liste compl\u00e8te). <\/p>\n\n\n\n<div style=\"height:22px\" aria-hidden=\"true\" class=\"wp-block-spacer\"><\/div>\n\n\n\n<h2 class=\"wp-block-heading\">Approches g\u00e9om\u00e9triques pour les images et les formes<\/h2>\n\n\n\n<p>Images, formes et nuages de points : types, acquisition, d\u00e9fauts d\u2019acquisition<\/p>\n\n\n\n<p>Grandes classes de probl\u00e8mes \u00e9tudi\u00e9s (d\u00e9bruitage, segmentation, classification, reconstruction, compression\u2026)<\/p>\n\n\n\n<p>Mod\u00e8le de variation totale : fondements math\u00e9matiques, applications, m\u00e9thodes num\u00e9riques<\/p>\n\n\n\n<p>Longueur, aire, courbures : outils de g\u00e9om\u00e9trie diff\u00e9rentielle, approximations, applications, m\u00e9thodes num\u00e9riques.<\/p>\n\n\n\n<p>Analyse spectrale des images et des formes, et applications<\/p>\n\n\n\n<p>R\u00e9seaux de neurones (profonds, hybrides, sp\u00e9cialis\u00e9s) : structures et principes d\u2019apprentissage, applications (en particulier g\u00e9om\u00e9triques) au traitement d\u2019images, de formes et de nuages de points.<\/p>\n\n\n\n<div style=\"height:22px\" aria-hidden=\"true\" class=\"wp-block-spacer\"><\/div>\n\n\n\n<h2 class=\"wp-block-heading\">M\u00e9thodes variationnelles pour les probl\u00e8mes inverses en imagerie m\u00e9dicale<\/h2>\n\n\n\n<p><strong>Objectif<\/strong><\/p>\n\n\n\n<p>L&rsquo;objectif de ce cours concerne la r\u00e9solution num\u00e9rique de probl\u00e8mes inverses&nbsp;issus de l\u2019imagerie m\u00e9dicale avec des exemples lin\u00e9aires (Rayon X, transform\u00e9e de Radon) et non lin\u00e9aires (\u00e9lastographie, imagerie thermo-acoustique ou photo-acoustique, imagerie par imp\u00e9dance \u00e9lectrique). Le caract\u00e8re bien\/mal pos\u00e9 bien\/mal conditionn\u00e9 sera \u00e9tudi\u00e9&nbsp;et des techniques de r\u00e9gularisation&nbsp;bas\u00e9es sur des approches variationnelles seront pr\u00e9sent\u00e9es. &nbsp;Des algorithmes de r\u00e9solution d&rsquo;un probl\u00e8me inverse seront \u00e9tudi\u00e9s et impl\u00e9ment\u00e9s.<\/p>\n\n\n\n<p><strong>Mots clefs<\/strong><\/p>\n\n\n\n<p>&#8211; Probl\u00e8mes inverses en imagerie m\u00e9dicale<br>&#8211; Approche variationnelle<br>&#8211; M\u00e9thode de l&rsquo;\u00e9tat adjoint<br>&#8211; D\u00e9composition en valeurs singuli\u00e8res<br>&#8211; R\u00e9gularisation de Tikhonov<br>&#8211; R\u00e9gularisation lisse (H1) et non lisse (variation totale)<\/p>\n\n\n\n<p><strong>Comp\u00e9tences vis\u00e9es<\/strong><\/p>\n\n\n\n<p><strong>&#8211;<\/strong> Conna\u00eetre des exemples de probl\u00e8mes inverses rencontr\u00e9s en imagerie m\u00e9dicale<br>&#8211; Savoir proposer un algorithme de r\u00e9solution de probl\u00e8mes inverses lin\u00e9aires et non lin\u00e9aires<br>&#8211; Ma\u00eetriser diff\u00e9rentes techniques&nbsp; de&nbsp; r\u00e9gularisations variationnelles<br>&#8211; Savoir impl\u00e9menter (sous Matlab) efficacement les diff\u00e9rents algorithmes<br>&#8211; Savoir s\u2019approprier un article de recherche en imagerie&nbsp;<\/p>\n\n\n\n<p><strong>Programme<\/strong><\/p>\n\n\n\n<p>1. Mod\u00e9lisation math\u00e9matique en imagerie m\u00e9dicale<br>2. Optimisation et m\u00e9thode de l&rsquo;\u00e9tat adjoint<br>3. D\u00e9composition en valeurs singuli\u00e8res et r\u00e9gularisation de Tichonov<br>4. R\u00e9gularisation&nbsp;de type H1&nbsp;et variation totale<br>5&nbsp; Application \u00e0 la transform\u00e9e de Radon et \u00e0 l\u2019EIT et\/ou la thermo-accoustique&nbsp;<\/p>\n\n\n\n<p><strong>Travail en autonomie<\/strong><\/p>\n\n\n\n<p>&#8211; Travail sur article de recherche, appropriation du mod\u00e8le math\u00e9matique et num\u00e9rique<\/p>\n\n\n\n<div style=\"height:22px\" aria-hidden=\"true\" class=\"wp-block-spacer\"><\/div>\n\n\n\n<h2 class=\"wp-block-heading\">Parcimonie et grande dimension<\/h2>\n\n\n\n<p>La parcimonie et la convexit\u00e9 sont des ph\u00e9nom\u00e8nes importants et r\u00e9currents en machine learning et en statistique. Dans ce cours, on s&rsquo;int\u00e9ressera \u00e0 la th\u00e9orie math\u00e9matique associ\u00e9e \u00e0 des m\u00e9thodes performantes bas\u00e9es sur des relaxations convexes : m\u00e9thodes de r\u00e9gularisation L1 en statistique et traitement du signal, minimisation de la norme nucl\u00e9aire en compl\u00e9tion de matrice, K-means et clustering de graphes. Toutes ces approches sont dites &lsquo;semi-definite representable (SDP)&rsquo; et utilisables en pratiques. La partie th\u00e9orique du cours portera sur les performances de ces approches et des algorithmes associ\u00e9es sous une hypoth\u00e8se de parcimonie. La partie pratique pr\u00e9sentera les solvers SDP classiques pour ces types de probl\u00e8mes d&rsquo;apprentissage.<\/p>\n\n\n\n<p>Mots-cl\u00e9s:&nbsp; r\u00e9gularisation L1; Compl\u00e9tion de matrices; K-Means; Clustering de graphes; Semi-Definite Programming;<\/p>\n\n\n\n<div style=\"height:22px\" aria-hidden=\"true\" class=\"wp-block-spacer\"><\/div>\n\n\n\n<h2 class=\"wp-block-heading\">R\u00e9seaux de neurones<\/h2>\n\n\n\n<p>L&rsquo;objectif de ce cours est double:<\/p>\n\n\n\n<ul class=\"wp-block-list\">\n<li>Pr\u00e9senter les principes des mod\u00e8les de r\u00e9seaux neuronaux profonds, ainsi que les moyens de les impl\u00e9menter pour r\u00e9soudre des probl\u00e8mes de classification et r\u00e9gression.&nbsp;<\/li>\n\n\n\n<li>Proposer un aper\u00e7u des bases math\u00e9matiques des techniques d&rsquo;apprentissage modernes bas\u00e9e sur ces r\u00e9seaux.<br><\/li>\n<\/ul>\n\n\n\n<p>Le cours commencera avec la propri\u00e9t\u00e9 d&rsquo;approximation universelle des r\u00e9seaux de neurones. Nous verrons ensuite pourquoi la profondeur am\u00e9liore la capacti\u00e9 des r\u00e9seaux \u00e0 donner des approximations pr\u00e9cises de fonctions pour un budget de calcul donn\u00e9.<\/p>\n\n\n\n<p>Des outils permettant de traiter les probl\u00e8mes d&rsquo;apprentissages rencontr\u00e9s dans l&rsquo;entrainement de ces r\u00e9seaux sur de grands jeux de donn\u00e9es seront propos\u00e9s, et des \u00e9l\u00e9ments de convergence seront discut\u00e9s.&nbsp;<\/p>\n\n\n\n<p>Finalement, des r\u00e9sultats statistiques sur les garantie en g\u00e9n\u00e9ralisation des r\u00e9seaux de neurones profonds seront pr\u00e9sent\u00e9s, \u00e0 la fois dans des sc\u00e9narios (classique) de sous-apprentissage, mais aussi dans le cas de sur-apprentissage conduisant au ph\u00e9nom\u00e8ne de &lsquo;double descente&rsquo;.<\/p>\n","protected":false},"excerpt":{"rendered":"<p>Le traitement d&rsquo;images et le traitement de donn\u00e9es sont au c\u0153ur de nombreuses applications : imagerie m\u00e9dicale, imagerie a\u00e9rienne ou spatiale, \u00e9cologie spatiale, robotique, intelligence artificielle, contr\u00f4le qualit\u00e9 dans l&rsquo;industrie, pr\u00e9visions m\u00e9t\u00e9orologiques, informatique graphique, etc. Cette majeure a pour ambition d&rsquo;introduire certains outils math\u00e9matiques, d\u00e9terministes, statistiques et probabilistes qui sont au c\u0153ur du traitement d&rsquo;images <a class=\"more-link\" href=\"https:\/\/mastermas.univ-lyon1.fr\/index.php\/majeure-mathematiques-image-data\/\">Lire plus &#8230;<\/a><\/p>\n","protected":false},"author":1,"featured_media":0,"parent":0,"menu_order":0,"comment_status":"closed","ping_status":"closed","template":"","meta":{"footnotes":""},"class_list":["post-768","page","type-page","status-publish","hentry"],"_links":{"self":[{"href":"https:\/\/mastermas.univ-lyon1.fr\/index.php\/wp-json\/wp\/v2\/pages\/768","targetHints":{"allow":["GET"]}}],"collection":[{"href":"https:\/\/mastermas.univ-lyon1.fr\/index.php\/wp-json\/wp\/v2\/pages"}],"about":[{"href":"https:\/\/mastermas.univ-lyon1.fr\/index.php\/wp-json\/wp\/v2\/types\/page"}],"author":[{"embeddable":true,"href":"https:\/\/mastermas.univ-lyon1.fr\/index.php\/wp-json\/wp\/v2\/users\/1"}],"replies":[{"embeddable":true,"href":"https:\/\/mastermas.univ-lyon1.fr\/index.php\/wp-json\/wp\/v2\/comments?post=768"}],"version-history":[{"count":11,"href":"https:\/\/mastermas.univ-lyon1.fr\/index.php\/wp-json\/wp\/v2\/pages\/768\/revisions"}],"predecessor-version":[{"id":1369,"href":"https:\/\/mastermas.univ-lyon1.fr\/index.php\/wp-json\/wp\/v2\/pages\/768\/revisions\/1369"}],"wp:attachment":[{"href":"https:\/\/mastermas.univ-lyon1.fr\/index.php\/wp-json\/wp\/v2\/media?parent=768"}],"curies":[{"name":"wp","href":"https:\/\/api.w.org\/{rel}","templated":true}]}}