{"id":81,"date":"2018-04-24T14:43:23","date_gmt":"2018-04-24T12:43:23","guid":{"rendered":"https:\/\/forgeim.univ-lyon1.fr\/hkg\/?page_id=81"},"modified":"2026-04-10T11:07:16","modified_gmt":"2026-04-10T09:07:16","slug":"page-des-stages-et-de-lalternance","status":"publish","type":"page","link":"https:\/\/mastermas.univ-lyon1.fr\/index.php\/page-des-stages-et-de-lalternance\/","title":{"rendered":"Stages, alternance, d\u00e9bouch\u00e9s"},"content":{"rendered":"\n<p><\/p>\n\n\n\n<h2 class=\"wp-block-heading\">Stages et d\u00e9bouch\u00e9s du M2 Maths en Action (2025-2026)<\/h2>\n\n\n\n<p>Toutes les informations concernant les stages et d\u00e9bouch\u00e9s du M2 Maths en Action sont accessibles sur la <a href=\"https:\/\/mastermas.univ-lyon1.fr\/index.php\/debouches\/\">page d\u00e9di\u00e9e<\/a>. <\/p>\n\n\n\n<p><\/p>\n\n\n\n<h2 class=\"wp-block-heading\">Stages et alternance du M2&nbsp;SMSD (2025\/2026)<\/h2>\n\n\n\n<p>P\u00e9riode des stages: 30\/03\/2026-30\/09\/2026.<\/p>\n\n\n\n<p>Dur\u00e9e: entre 4 et 6 mois (16 semaines minimum).<\/p>\n\n\n\n<p><strong>Convention :<\/strong>&nbsp;les conventions de stage sont \u00e0 \u00e9laborer avec la scolarit\u00e9 et l&rsquo;entreprise, \u00e0 partir de&nbsp;<a href=\"https:\/\/monstage.univ-lyon1.fr\/\">Monstage<\/a>.  <a href=\"https:\/\/mastermas.univ-lyon1.fr\/wp-content\/uploads\/2024\/12\/Procedure-creation-de-convention-pour-letudiant.pdf\">Guide<\/a> pour compl\u00e9ter la convention.<\/p>\n\n\n\n<p><strong>Entreprises partenaires : Sanofi Pasteur, Service de biostatistique des Hospices Civils de Lyon, Volvo Trucks, Seenovate, Decideom, Aixial, Viveris, INRA, EDF R&amp;D, IFP \u00e9nergies nouvelles, A+A research, V\u00e9olia eau,Biom\u00e9rieux, INRIA, Banque Populaire, Soci\u00e9t\u00e9 G\u00e9n\u00e9rale, IFSTTAR&#8230;&nbsp;<\/strong>Ces entreprises emploient r\u00e9guli\u00e8rement des stagiaires issus de cette formation.<\/p>\n\n\n\n<p><strong>Soutenances (dates provisoires): 4, 7, 21, 22 septembre 2026 (9h-18h):<\/strong><mark style=\"background-color:rgba(0, 0, 0, 0);color:#df8139\" class=\"has-inline-color\"> un exemplaire du rapport<\/mark><mark style=\"background-color:rgba(0, 0, 0, 0)\" class=\"has-inline-color has-tahiti-gold-color\"> de stage<\/mark> doit parvenir (par la poste ou \u00e0 d\u00e9poser dans la bo\u00eete aux lettres) \u00e0 Mme. Ciuperca ou \u00e0 la scolarit\u00e9 de math\u00e9matiques, trois jours avant la soutenance. Pr\u00e9voir 60 minutes pour la soutenance:&nbsp; 20 minutes d&rsquo;expos\u00e9,&nbsp; 20 minutes de questions, 5 minutes de d\u00e9lib\u00e9rations et 15 minutes d&rsquo;\u00e9changes. Nous mettons \u00e0 votre disposition un vid\u00e9o-projecteur. La pr\u00e9sence du tuteur de stage est indispensable.<\/p>\n\n\n\n<p>Pour plus de renseignements sur les stages, connectez-vous sur le site du&nbsp;<a href=\"http:\/\/soie.univ-lyon1.fr\/\" target=\"_blank\" rel=\"noopener noreferrer\">SOIE<\/a>&nbsp;ou sur le portail <a href=\"http:\/\/universite-entreprise.univ-lyon1.fr\/\" target=\"_blank\" rel=\"noopener noreferrer\">Universit\u00e9-Entreprise<\/a>. Il vous sera propos\u00e9, entre autres, des offres de stages, des bourses, des informations l\u00e9gales (convention de stage&#8230;), des listes d&rsquo;entreprises class\u00e9es par secteurs d&rsquo;activit\u00e9. D&rsquo;autres annonces sur le&nbsp;<a href=\"http:\/\/jd.apec.fr\/\" target=\"blank\" rel=\"noopener noreferrer\">site de l&rsquo;APEC<\/a>.<\/p>\n\n\n\n<p><strong>Alternance (sous-parcours \u00ab\u00a0Statistique et applications\u00a0\u00bb du M2 SMSD)<\/strong><\/p>\n\n\n\n<p>Pour tout renseignement sur l&rsquo;alternance, consultez&nbsp;<a href=\"https:\/\/www.alternance.emploi.gouv.fr\/portail_alternance\">le portail de l&rsquo;alternance<\/a>.<\/p>\n\n\n\n<p>L&rsquo;alternance permet aux \u00e9tudiants d&rsquo;avoir un contrat de travail pendant un an, assorti d&rsquo;un revenu. Ces contrats sont g\u00e9r\u00e9s par le service de formation continue de l&rsquo;universit\u00e9 :&nbsp;<a href=\"http:\/\/focal.univ-lyon1.fr\/\">FOCAL<\/a>.<\/p>\n\n\n\n<p><strong>Pour diffuser une offre de stage\/alternance aux \u00e9tudiants du M2 SMSD<\/strong>, vous pouvez envoyer un mail \u00e0 <a rel=\"noopener noreferrer\" href=\"mailto:gabriela.ciuperca@univ-lyon1.fr\" target=\"_blank\">gabriela.ciuperca@univ-lyon1.fr<\/a><\/p>\n\n\n\n<p><\/p>\n\n\n\n<h2 class=\"wp-block-heading\">Recherche d&#8217;emploi<\/h2>\n\n\n\n<p><strong>Doctorat<\/strong>&nbsp;<strong>:&nbsp;<\/strong><a rel=\"noopener noreferrer\" href=\"http:\/\/www.anrt.asso.fr\/\" target=\"_blank\">ANRT<\/a>&nbsp;(toute l&rsquo;offre des th\u00e8ses CIFRE),&nbsp;<a href=\"http:\/\/phd.sfds.asso.fr\/consult.php\">catalogue de th\u00e8ses en statistique<\/a><\/p>\n\n\n\n<p><strong>Soci\u00e9t\u00e9s savantes :<\/strong><\/p>\n\n\n\n<ul class=\"wp-block-list\">\n<li><a href=\"http:\/\/smai.emath.fr\/\" target=\"_blank\" rel=\"noopener noreferrer\">SMAI<\/a>&nbsp;(Soci\u00e9t\u00e9 de Math\u00e9matiques Appliqu\u00e9es et Industrielles)<\/li>\n\n\n\n<li><a href=\"http:\/\/smf.emath.fr\/\" target=\"_blank\" rel=\"noopener noreferrer\">SMF<\/a>&nbsp;(Soci\u00e9t\u00e9 Math\u00e9matique de France)<\/li>\n\n\n\n<li><a href=\"http:\/\/www.sfds.asso.fr\/\" target=\"_blank\" rel=\"noopener noreferrer\">SFdS<\/a>&nbsp;(Soci\u00e9t\u00e9 Fran\u00e7aise de Statistique)<\/li>\n<\/ul>\n\n\n\n<p><strong>Divers :<\/strong><\/p>\n\n\n\n<ul class=\"wp-block-list\">\n<li><a href=\"http:\/\/jd.apec.fr\/\" target=\"_blank\" rel=\"noopener noreferrer\">APEC, jeunes dipl\u00f4m\u00e9s<\/a><\/li>\n\n\n\n<li><a href=\"http:\/\/www.gdr-mascotnum.fr\/job_thesis_internship_positions.html#internships_stages\">GdR Mascot-Num (offres)<\/a><\/li>\n<\/ul>\n","protected":false},"excerpt":{"rendered":"<p>Stages et d\u00e9bouch\u00e9s du M2 Maths en Action (2025-2026) Toutes les informations concernant les stages et d\u00e9bouch\u00e9s du M2 Maths en Action sont accessibles sur la page d\u00e9di\u00e9e. Stages et alternance du M2&nbsp;SMSD (2025\/2026) P\u00e9riode des stages: 30\/03\/2026-30\/09\/2026. Dur\u00e9e: entre 4 et 6 mois (16 semaines minimum). Convention :&nbsp;les conventions de stage sont \u00e0 \u00e9laborer <a class=\"more-link\" href=\"https:\/\/mastermas.univ-lyon1.fr\/index.php\/page-des-stages-et-de-lalternance\/\">Lire plus &#8230;<\/a><\/p>\n","protected":false},"author":1,"featured_media":0,"parent":0,"menu_order":0,"comment_status":"closed","ping_status":"closed","template":"","meta":{"footnotes":""},"class_list":["post-81","page","type-page","status-publish","hentry"],"_links":{"self":[{"href":"https:\/\/mastermas.univ-lyon1.fr\/index.php\/wp-json\/wp\/v2\/pages\/81","targetHints":{"allow":["GET"]}}],"collection":[{"href":"https:\/\/mastermas.univ-lyon1.fr\/index.php\/wp-json\/wp\/v2\/pages"}],"about":[{"href":"https:\/\/mastermas.univ-lyon1.fr\/index.php\/wp-json\/wp\/v2\/types\/page"}],"author":[{"embeddable":true,"href":"https:\/\/mastermas.univ-lyon1.fr\/index.php\/wp-json\/wp\/v2\/users\/1"}],"replies":[{"embeddable":true,"href":"https:\/\/mastermas.univ-lyon1.fr\/index.php\/wp-json\/wp\/v2\/comments?post=81"}],"version-history":[{"count":37,"href":"https:\/\/mastermas.univ-lyon1.fr\/index.php\/wp-json\/wp\/v2\/pages\/81\/revisions"}],"predecessor-version":[{"id":1551,"href":"https:\/\/mastermas.univ-lyon1.fr\/index.php\/wp-json\/wp\/v2\/pages\/81\/revisions\/1551"}],"wp:attachment":[{"href":"https:\/\/mastermas.univ-lyon1.fr\/index.php\/wp-json\/wp\/v2\/media?parent=81"}],"curies":[{"name":"wp","href":"https:\/\/api.w.org\/{rel}","templated":true}]}}