{"id":933,"date":"2022-01-21T20:47:59","date_gmt":"2022-01-21T19:47:59","guid":{"rendered":"https:\/\/mastermas.univ-lyon1.fr\/?page_id=933"},"modified":"2022-05-30T12:23:06","modified_gmt":"2022-05-30T10:23:06","slug":"remise-a-niveau-en-statistique","status":"publish","type":"page","link":"https:\/\/mastermas.univ-lyon1.fr\/index.php\/remise-a-niveau-en-statistique\/","title":{"rendered":"Remise \u00e0 Niveau en Statistique"},"content":{"rendered":"\n<p><strong>Statistique inf\u00e9rentielle<\/strong> pour un mod\u00e8le statistique param\u00e9trique. M\u00e9thodes d&rsquo;estimation ponctuelle : du maximum de vraisemblance, des moments, des moindres carr\u00e9s. \u00c9tude de propri\u00e9t\u00e9s. Estimation par intervalle. Tests d&rsquo;hypoth\u00e8se param\u00e9triques. Lemme de Neyman-Pearson et test le plus puissant. Tests du maximum de vraisemblance et de Wald.<\/p>\n\n\n\n<p>S\u00e9ries chronologiques.<\/p>\n\n\n\n<p><strong>Logiciel SAS<\/strong> : langage et manipulation des donn\u00e9es, utilisation de quelques proc\u00e9dures de statistiques, graphiques, macros.<\/p>\n","protected":false},"excerpt":{"rendered":"<p>Statistique inf\u00e9rentielle pour un mod\u00e8le statistique param\u00e9trique. M\u00e9thodes d&rsquo;estimation ponctuelle : du maximum de vraisemblance, des moments, des moindres carr\u00e9s. \u00c9tude de propri\u00e9t\u00e9s. Estimation par intervalle. Tests d&rsquo;hypoth\u00e8se param\u00e9triques. Lemme de Neyman-Pearson et test le plus puissant. Tests du maximum de vraisemblance et de Wald. S\u00e9ries chronologiques. Logiciel SAS : langage et manipulation des donn\u00e9es, <a class=\"more-link\" href=\"https:\/\/mastermas.univ-lyon1.fr\/index.php\/remise-a-niveau-en-statistique\/\">Lire plus &#8230;<\/a><\/p>\n","protected":false},"author":6,"featured_media":0,"parent":0,"menu_order":0,"comment_status":"closed","ping_status":"closed","template":"","meta":{"footnotes":""},"class_list":["post-933","page","type-page","status-publish","hentry"],"_links":{"self":[{"href":"https:\/\/mastermas.univ-lyon1.fr\/index.php\/wp-json\/wp\/v2\/pages\/933","targetHints":{"allow":["GET"]}}],"collection":[{"href":"https:\/\/mastermas.univ-lyon1.fr\/index.php\/wp-json\/wp\/v2\/pages"}],"about":[{"href":"https:\/\/mastermas.univ-lyon1.fr\/index.php\/wp-json\/wp\/v2\/types\/page"}],"author":[{"embeddable":true,"href":"https:\/\/mastermas.univ-lyon1.fr\/index.php\/wp-json\/wp\/v2\/users\/6"}],"replies":[{"embeddable":true,"href":"https:\/\/mastermas.univ-lyon1.fr\/index.php\/wp-json\/wp\/v2\/comments?post=933"}],"version-history":[{"count":2,"href":"https:\/\/mastermas.univ-lyon1.fr\/index.php\/wp-json\/wp\/v2\/pages\/933\/revisions"}],"predecessor-version":[{"id":1114,"href":"https:\/\/mastermas.univ-lyon1.fr\/index.php\/wp-json\/wp\/v2\/pages\/933\/revisions\/1114"}],"wp:attachment":[{"href":"https:\/\/mastermas.univ-lyon1.fr\/index.php\/wp-json\/wp\/v2\/media?parent=933"}],"curies":[{"name":"wp","href":"https:\/\/api.w.org\/{rel}","templated":true}]}}