{"id":953,"date":"2022-01-21T20:45:18","date_gmt":"2022-01-21T19:45:18","guid":{"rendered":"https:\/\/mastermas.univ-lyon1.fr\/?page_id=953"},"modified":"2022-01-21T20:45:18","modified_gmt":"2022-01-21T19:45:18","slug":"informatique-avancee","status":"publish","type":"page","link":"https:\/\/mastermas.univ-lyon1.fr\/index.php\/informatique-avancee\/","title":{"rendered":"INFORMATIQUE AVANCEE"},"content":{"rendered":"\n<p>Django: pour cr\u00e9er un site web. Html, templates,&nbsp; css, &nbsp;Queryset sur les bases de donn\u00e9es.<\/p>\n\n\n\n<p>Web crawling : recuperer des informations sur internet en passant de pages en pages \u00e0 l&rsquo;aide de Scrapy.<\/p>\n\n\n\n<p>R\u00e9cup\u00e9rer les donn\u00e9es dans un fichier et les nettoyer pour les rendre exploitables.<\/p>\n","protected":false},"excerpt":{"rendered":"<p>Django: pour cr\u00e9er un site web. Html, templates,&nbsp; css, &nbsp;Queryset sur les bases de donn\u00e9es. Web crawling : recuperer des informations sur internet en passant de pages en pages \u00e0 l&rsquo;aide de Scrapy. R\u00e9cup\u00e9rer les donn\u00e9es dans un fichier et les nettoyer pour les rendre exploitables.<\/p>\n","protected":false},"author":6,"featured_media":0,"parent":0,"menu_order":0,"comment_status":"closed","ping_status":"closed","template":"","meta":{"footnotes":""},"class_list":["post-953","page","type-page","status-publish","hentry"],"_links":{"self":[{"href":"https:\/\/mastermas.univ-lyon1.fr\/index.php\/wp-json\/wp\/v2\/pages\/953","targetHints":{"allow":["GET"]}}],"collection":[{"href":"https:\/\/mastermas.univ-lyon1.fr\/index.php\/wp-json\/wp\/v2\/pages"}],"about":[{"href":"https:\/\/mastermas.univ-lyon1.fr\/index.php\/wp-json\/wp\/v2\/types\/page"}],"author":[{"embeddable":true,"href":"https:\/\/mastermas.univ-lyon1.fr\/index.php\/wp-json\/wp\/v2\/users\/6"}],"replies":[{"embeddable":true,"href":"https:\/\/mastermas.univ-lyon1.fr\/index.php\/wp-json\/wp\/v2\/comments?post=953"}],"version-history":[{"count":1,"href":"https:\/\/mastermas.univ-lyon1.fr\/index.php\/wp-json\/wp\/v2\/pages\/953\/revisions"}],"predecessor-version":[{"id":954,"href":"https:\/\/mastermas.univ-lyon1.fr\/index.php\/wp-json\/wp\/v2\/pages\/953\/revisions\/954"}],"wp:attachment":[{"href":"https:\/\/mastermas.univ-lyon1.fr\/index.php\/wp-json\/wp\/v2\/media?parent=953"}],"curies":[{"name":"wp","href":"https:\/\/api.w.org\/{rel}","templated":true}]}}