{"id":959,"date":"2022-01-21T20:43:38","date_gmt":"2022-01-21T19:43:38","guid":{"rendered":"https:\/\/mastermas.univ-lyon1.fr\/?page_id=959"},"modified":"2022-01-21T21:31:45","modified_gmt":"2022-01-21T20:31:45","slug":"anglais","status":"publish","type":"page","link":"https:\/\/mastermas.univ-lyon1.fr\/index.php\/anglais\/","title":{"rendered":"Anglais"},"content":{"rendered":"\n<p>Travail sur les diff\u00e9rentes comp\u00e9tences langagi\u00e8res au service de la communication professionnelle formelle et informelle.<\/p>\n\n\n\n<p>Les diff\u00e9rentes notions abord\u00e9es dans les enseignements de sp\u00e9cialit\u00e9 (mod\u00e8les de r\u00e9gression, machine learning, data mining, \u2026) sont repris ici sous forme de pr\u00e9sentations et analyses comparatives d\u2019algorithmes, cas pratiques.<\/p>\n\n\n\n<p>Les \u00e9tudiants prennent \u00e9galement part \u00e0 des tables rondes et d\u00e9bats sur des sujets de soci\u00e9t\u00e9 ou relatifs \u00e0 la vie en entreprise, l\u2019objectif vis\u00e9 \u00e9tant l\u2019autonomie linguistique des futurs professionnels.<\/p>\n\n\n\n<p>Evaluation&nbsp;en contr\u00f4le continu.<\/p>\n","protected":false},"excerpt":{"rendered":"<p>Travail sur les diff\u00e9rentes comp\u00e9tences langagi\u00e8res au service de la communication professionnelle formelle et informelle. Les diff\u00e9rentes notions abord\u00e9es dans les enseignements de sp\u00e9cialit\u00e9 (mod\u00e8les de r\u00e9gression, machine learning, data mining, \u2026) sont repris ici sous forme de pr\u00e9sentations et analyses comparatives d\u2019algorithmes, cas pratiques. Les \u00e9tudiants prennent \u00e9galement part \u00e0 des tables rondes et <a class=\"more-link\" href=\"https:\/\/mastermas.univ-lyon1.fr\/index.php\/anglais\/\">Lire plus &#8230;<\/a><\/p>\n","protected":false},"author":6,"featured_media":0,"parent":0,"menu_order":0,"comment_status":"closed","ping_status":"closed","template":"","meta":{"footnotes":""},"class_list":["post-959","page","type-page","status-publish","hentry"],"_links":{"self":[{"href":"https:\/\/mastermas.univ-lyon1.fr\/index.php\/wp-json\/wp\/v2\/pages\/959","targetHints":{"allow":["GET"]}}],"collection":[{"href":"https:\/\/mastermas.univ-lyon1.fr\/index.php\/wp-json\/wp\/v2\/pages"}],"about":[{"href":"https:\/\/mastermas.univ-lyon1.fr\/index.php\/wp-json\/wp\/v2\/types\/page"}],"author":[{"embeddable":true,"href":"https:\/\/mastermas.univ-lyon1.fr\/index.php\/wp-json\/wp\/v2\/users\/6"}],"replies":[{"embeddable":true,"href":"https:\/\/mastermas.univ-lyon1.fr\/index.php\/wp-json\/wp\/v2\/comments?post=959"}],"version-history":[{"count":1,"href":"https:\/\/mastermas.univ-lyon1.fr\/index.php\/wp-json\/wp\/v2\/pages\/959\/revisions"}],"predecessor-version":[{"id":960,"href":"https:\/\/mastermas.univ-lyon1.fr\/index.php\/wp-json\/wp\/v2\/pages\/959\/revisions\/960"}],"wp:attachment":[{"href":"https:\/\/mastermas.univ-lyon1.fr\/index.php\/wp-json\/wp\/v2\/media?parent=959"}],"curies":[{"name":"wp","href":"https:\/\/api.w.org\/{rel}","templated":true}]}}