{"id":962,"date":"2022-01-21T20:44:40","date_gmt":"2022-01-21T19:44:40","guid":{"rendered":"https:\/\/mastermas.univ-lyon1.fr\/?page_id=962"},"modified":"2025-03-20T11:25:43","modified_gmt":"2025-03-20T10:25:43","slug":"deep-learning","status":"publish","type":"page","link":"https:\/\/mastermas.univ-lyon1.fr\/index.php\/deep-learning\/","title":{"rendered":"DEEP LEARNING"},"content":{"rendered":"\n<p>&#8211; Introduction \u00e0 l&rsquo;histoire des r\u00e9seaux de Neurones<\/p>\n\n\n\n<p>&#8211; R\u00e9seaux de neurones fully connected pour la r\u00e9gression&nbsp;et optimisation des poids par m\u00e9thode du gradient et gradient stochastique via retropropagation<\/p>\n\n\n\n<p>&#8211; R\u00e9seaux de neurones pour la classification&nbsp;<\/p>\n\n\n\n<p>&#8211; R\u00e9seaux de neurones convolutionnels et graphiques<\/p>\n\n\n\n<p>&#8211; Auto-encoders<\/p>\n\n\n\n<p>&#8211; Natural Language Processing avec r\u00e9seaux de neurones&nbsp;<\/p>\n\n\n\n<p>&#8211; Questions th\u00e9oriques autours des r\u00e9seaux de neurones (interpolation, no-spurious minimisers, expressivit\u00e9,&nbsp;g\u00e9n\u00e9ralisation, etc &#8230;)<\/p>\n\n\n\n<p><\/p>\n","protected":false},"excerpt":{"rendered":"<p>&#8211; Introduction \u00e0 l&rsquo;histoire des r\u00e9seaux de Neurones &#8211; R\u00e9seaux de neurones fully connected pour la r\u00e9gression&nbsp;et optimisation des poids par m\u00e9thode du gradient et gradient stochastique via retropropagation &#8211; R\u00e9seaux de neurones pour la classification&nbsp; &#8211; R\u00e9seaux de neurones convolutionnels et graphiques &#8211; Auto-encoders &#8211; Natural Language Processing avec r\u00e9seaux de neurones&nbsp; &#8211; Questions <a class=\"more-link\" href=\"https:\/\/mastermas.univ-lyon1.fr\/index.php\/deep-learning\/\">Lire plus &#8230;<\/a><\/p>\n","protected":false},"author":6,"featured_media":0,"parent":0,"menu_order":0,"comment_status":"closed","ping_status":"closed","template":"","meta":{"footnotes":""},"class_list":["post-962","page","type-page","status-publish","hentry"],"_links":{"self":[{"href":"https:\/\/mastermas.univ-lyon1.fr\/index.php\/wp-json\/wp\/v2\/pages\/962","targetHints":{"allow":["GET"]}}],"collection":[{"href":"https:\/\/mastermas.univ-lyon1.fr\/index.php\/wp-json\/wp\/v2\/pages"}],"about":[{"href":"https:\/\/mastermas.univ-lyon1.fr\/index.php\/wp-json\/wp\/v2\/types\/page"}],"author":[{"embeddable":true,"href":"https:\/\/mastermas.univ-lyon1.fr\/index.php\/wp-json\/wp\/v2\/users\/6"}],"replies":[{"embeddable":true,"href":"https:\/\/mastermas.univ-lyon1.fr\/index.php\/wp-json\/wp\/v2\/comments?post=962"}],"version-history":[{"count":2,"href":"https:\/\/mastermas.univ-lyon1.fr\/index.php\/wp-json\/wp\/v2\/pages\/962\/revisions"}],"predecessor-version":[{"id":1493,"href":"https:\/\/mastermas.univ-lyon1.fr\/index.php\/wp-json\/wp\/v2\/pages\/962\/revisions\/1493"}],"wp:attachment":[{"href":"https:\/\/mastermas.univ-lyon1.fr\/index.php\/wp-json\/wp\/v2\/media?parent=962"}],"curies":[{"name":"wp","href":"https:\/\/api.w.org\/{rel}","templated":true}]}}