{"id":968,"date":"2022-01-21T20:45:33","date_gmt":"2022-01-21T19:45:33","guid":{"rendered":"https:\/\/mastermas.univ-lyon1.fr\/?page_id=968"},"modified":"2022-01-21T20:45:34","modified_gmt":"2022-01-21T19:45:34","slug":"intelligence-artificielle-pour-la-sante","status":"publish","type":"page","link":"https:\/\/mastermas.univ-lyon1.fr\/index.php\/intelligence-artificielle-pour-la-sante\/","title":{"rendered":"INTELLIGENCE ARTIFICIELLE POUR LA SANTE"},"content":{"rendered":"\n<p>Prise en charge m\u00e9dicale, big data et machine learning<\/p>\n\n\n\n<p>La place de l\u2019intelligence artificielle (IA) dans les applications de la sant\u00e9.<\/p>\n\n\n\n<p>L\u2019IA pour la d\u00e9couverte de m\u00e9dicament et la mod\u00e9lisation mol\u00e9culaire<\/p>\n\n\n\n<p>IA pour le d\u00e9veloppement pharmaceutique.<\/p>\n\n\n\n<p>IA pour le diagnostic du cancer et l\u2019orientation th\u00e9rapeutique<\/p>\n\n\n\n<p>IA pour l\u2019imagerie m\u00e9dicale<\/p>\n\n\n\n<p>IA et monitoring du patient<\/p>\n\n\n\n<p>Impacts connexes de l\u2019IA en sant\u00e9<\/p>\n","protected":false},"excerpt":{"rendered":"<p>Prise en charge m\u00e9dicale, big data et machine learning La place de l\u2019intelligence artificielle (IA) dans les applications de la sant\u00e9. L\u2019IA pour la d\u00e9couverte de m\u00e9dicament et la mod\u00e9lisation mol\u00e9culaire IA pour le d\u00e9veloppement pharmaceutique. IA pour le diagnostic du cancer et l\u2019orientation th\u00e9rapeutique IA pour l\u2019imagerie m\u00e9dicale IA et monitoring du patient Impacts <a class=\"more-link\" href=\"https:\/\/mastermas.univ-lyon1.fr\/index.php\/intelligence-artificielle-pour-la-sante\/\">Lire plus &#8230;<\/a><\/p>\n","protected":false},"author":6,"featured_media":0,"parent":0,"menu_order":0,"comment_status":"closed","ping_status":"closed","template":"","meta":{"footnotes":""},"class_list":["post-968","page","type-page","status-publish","hentry"],"_links":{"self":[{"href":"https:\/\/mastermas.univ-lyon1.fr\/index.php\/wp-json\/wp\/v2\/pages\/968","targetHints":{"allow":["GET"]}}],"collection":[{"href":"https:\/\/mastermas.univ-lyon1.fr\/index.php\/wp-json\/wp\/v2\/pages"}],"about":[{"href":"https:\/\/mastermas.univ-lyon1.fr\/index.php\/wp-json\/wp\/v2\/types\/page"}],"author":[{"embeddable":true,"href":"https:\/\/mastermas.univ-lyon1.fr\/index.php\/wp-json\/wp\/v2\/users\/6"}],"replies":[{"embeddable":true,"href":"https:\/\/mastermas.univ-lyon1.fr\/index.php\/wp-json\/wp\/v2\/comments?post=968"}],"version-history":[{"count":1,"href":"https:\/\/mastermas.univ-lyon1.fr\/index.php\/wp-json\/wp\/v2\/pages\/968\/revisions"}],"predecessor-version":[{"id":969,"href":"https:\/\/mastermas.univ-lyon1.fr\/index.php\/wp-json\/wp\/v2\/pages\/968\/revisions\/969"}],"wp:attachment":[{"href":"https:\/\/mastermas.univ-lyon1.fr\/index.php\/wp-json\/wp\/v2\/media?parent=968"}],"curies":[{"name":"wp","href":"https:\/\/api.w.org\/{rel}","templated":true}]}}