{"id":971,"date":"2022-01-21T20:43:56","date_gmt":"2022-01-21T19:43:56","guid":{"rendered":"https:\/\/mastermas.univ-lyon1.fr\/?page_id=971"},"modified":"2022-01-21T20:43:57","modified_gmt":"2022-01-21T19:43:57","slug":"conception-et-exploitation-dune-base-de-donnees","status":"publish","type":"page","link":"https:\/\/mastermas.univ-lyon1.fr\/index.php\/conception-et-exploitation-dune-base-de-donnees\/","title":{"rendered":"CONCEPTION ET EXPLOITATION D\u2019UNE BASE DE DONNEES"},"content":{"rendered":"\n<p><strong>Objectifs <\/strong>: l\u2019immense majorit\u00e9 des donn\u00e9es structur\u00e9es existantes sont stock\u00e9es dans des bases de donn\u00e9es relationnelles. Une personne en charge de l&rsquo;analyse des donn\u00e9es doit \u00eatre capable d\u2019en comprendre les paradigmes, le fonctionnement, la formulation de requ\u00eates. Elle doit \u00eatre en capacit\u00e9 de comprendre la s\u00e9mantique d\u2019une base de donn\u00e9es et, dans une perspective de nettoyage, de rep\u00e9rer les \u00e9ventuels probl\u00e8mes de conception.&nbsp;<\/p>\n\n\n\n<p><strong>Savoir-faire vis\u00e9s <\/strong>:&nbsp;<\/p>\n\n\n\n<p>&#8211; formuler des requ\u00eates d\u00e9claratives en SQL, incluant les fonctionnalit\u00e9s avanc\u00e9es d\u2019analyse par groupe<\/p>\n\n\n\n<p>&#8211; lire et traduire dans le mod\u00e8le relationnel un mod\u00e8le conceptuel de donn\u00e9es<\/p>\n\n\n\n<p>&#8211; rep\u00e9rer des probl\u00e8mes de conception dans une base de donn\u00e9es existante, appr\u00e9hender les valeurs manquantes<\/p>\n\n\n\n<p>&#8211; \u00e9tudier la s\u00e9mantique de donn\u00e9es existantes dans une perspective de nettoyage \/ pr\u00e9paration des donn\u00e9es.<\/p>\n","protected":false},"excerpt":{"rendered":"<p>Objectifs : l\u2019immense majorit\u00e9 des donn\u00e9es structur\u00e9es existantes sont stock\u00e9es dans des bases de donn\u00e9es relationnelles. Une personne en charge de l&rsquo;analyse des donn\u00e9es doit \u00eatre capable d\u2019en comprendre les paradigmes, le fonctionnement, la formulation de requ\u00eates. Elle doit \u00eatre en capacit\u00e9 de comprendre la s\u00e9mantique d\u2019une base de donn\u00e9es et, dans une perspective de <a class=\"more-link\" href=\"https:\/\/mastermas.univ-lyon1.fr\/index.php\/conception-et-exploitation-dune-base-de-donnees\/\">Lire plus &#8230;<\/a><\/p>\n","protected":false},"author":6,"featured_media":0,"parent":0,"menu_order":0,"comment_status":"closed","ping_status":"closed","template":"","meta":{"footnotes":""},"class_list":["post-971","page","type-page","status-publish","hentry"],"_links":{"self":[{"href":"https:\/\/mastermas.univ-lyon1.fr\/index.php\/wp-json\/wp\/v2\/pages\/971","targetHints":{"allow":["GET"]}}],"collection":[{"href":"https:\/\/mastermas.univ-lyon1.fr\/index.php\/wp-json\/wp\/v2\/pages"}],"about":[{"href":"https:\/\/mastermas.univ-lyon1.fr\/index.php\/wp-json\/wp\/v2\/types\/page"}],"author":[{"embeddable":true,"href":"https:\/\/mastermas.univ-lyon1.fr\/index.php\/wp-json\/wp\/v2\/users\/6"}],"replies":[{"embeddable":true,"href":"https:\/\/mastermas.univ-lyon1.fr\/index.php\/wp-json\/wp\/v2\/comments?post=971"}],"version-history":[{"count":2,"href":"https:\/\/mastermas.univ-lyon1.fr\/index.php\/wp-json\/wp\/v2\/pages\/971\/revisions"}],"predecessor-version":[{"id":986,"href":"https:\/\/mastermas.univ-lyon1.fr\/index.php\/wp-json\/wp\/v2\/pages\/971\/revisions\/986"}],"wp:attachment":[{"href":"https:\/\/mastermas.univ-lyon1.fr\/index.php\/wp-json\/wp\/v2\/media?parent=971"}],"curies":[{"name":"wp","href":"https:\/\/api.w.org\/{rel}","templated":true}]}}