{"id":977,"date":"2022-01-21T20:46:19","date_gmt":"2022-01-21T19:46:19","guid":{"rendered":"https:\/\/mastermas.univ-lyon1.fr\/?page_id=977"},"modified":"2022-01-21T20:46:20","modified_gmt":"2022-01-21T19:46:20","slug":"mathematiques-et-statistique-pour-la-sante","status":"publish","type":"page","link":"https:\/\/mastermas.univ-lyon1.fr\/index.php\/mathematiques-et-statistique-pour-la-sante\/","title":{"rendered":"MATHEMATIQUES ET STATISTIQUE POUR LA SANTE"},"content":{"rendered":"\n<p><strong>Bio-stat&nbsp;:<\/strong><\/p>\n\n\n\n<p>&#8211; Echantillonnage, et calcul du nombre de sujets n\u00e9cessaires pour les essais cliniques. Rappel sur les tests d\u2019hypoth\u00e8ses, et la notion de puissance de tests. Discussion autour d\u2019articles scientifiques traitant de la reproductibilit\u00e9 des \u00e9tudes cliniques et de la notion de \u00ab&nbsp;p.value crisis&nbsp;\u00bb. Introduction \u00e0 l\u2019apport des m\u00e9thodes bay\u00e9siennes.<\/p>\n\n\n\n<p>&#8211; Exemples de mod\u00e8les statistiques dans la sant\u00e9&nbsp;: mod\u00e8les mixtes, mod\u00e8les sur donn\u00e9es longitudinales, mod\u00e8le de survie\u2026 Revue d\u2019articles scientifiques<\/p>\n\n\n\n<p>&#8211; Estimation et performances d\u2019un test de diagnostic&nbsp;: notions de sensibilit\u00e9\/sp\u00e9cificit\u00e9, r\u00e9gression logistique, courbe ROC<\/p>\n\n\n\n<p>&#8211; Introduction \u00e0 l\u2019analyse des donn\u00e9es de spectrom\u00e9trie de masse<\/p>\n\n\n\n<p>&#8211; Plans d\u2019exp\u00e9rience<\/p>\n\n\n\n<p><strong>Equations et sant\u00e9&nbsp;:<\/strong><\/p>\n\n\n\n<p>1- introduction aux \u00e9quations aux d\u00e9riv\u00e9es partielles paraboliques<\/p>\n\n\n\n<p>(syst\u00e8mes d\u2019\u00e9quations de r\u00e9action diffusion): structures de Turing et ondes de propagations<\/p>\n\n\n\n<p>(notion de fonctions propres, de fronts d\u2019ondes, vitesse de propagation). Exemples d\u2019applications \u00e0 la biologie et l\u2019\u00e9cologie.<\/p>\n\n\n\n<p>2- introduction aux \u00e9quations aux d\u00e9riv\u00e9es partielles hyperboliques de type transport<\/p>\n\n\n\n<p>(m\u00e9thode des caract\u00e9ristiques), et introduction aux \u00e9quations diff\u00e9rentielles \u00e0 retard.&nbsp;Applications \u00e0 la m\u00e9decine<\/p>\n","protected":false},"excerpt":{"rendered":"<p>Bio-stat&nbsp;: &#8211; Echantillonnage, et calcul du nombre de sujets n\u00e9cessaires pour les essais cliniques. Rappel sur les tests d\u2019hypoth\u00e8ses, et la notion de puissance de tests. Discussion autour d\u2019articles scientifiques traitant de la reproductibilit\u00e9 des \u00e9tudes cliniques et de la notion de \u00ab&nbsp;p.value crisis&nbsp;\u00bb. Introduction \u00e0 l\u2019apport des m\u00e9thodes bay\u00e9siennes. &#8211; Exemples de mod\u00e8les statistiques <a class=\"more-link\" href=\"https:\/\/mastermas.univ-lyon1.fr\/index.php\/mathematiques-et-statistique-pour-la-sante\/\">Lire plus &#8230;<\/a><\/p>\n","protected":false},"author":6,"featured_media":0,"parent":0,"menu_order":0,"comment_status":"closed","ping_status":"closed","template":"","meta":{"footnotes":""},"class_list":["post-977","page","type-page","status-publish","hentry"],"_links":{"self":[{"href":"https:\/\/mastermas.univ-lyon1.fr\/index.php\/wp-json\/wp\/v2\/pages\/977","targetHints":{"allow":["GET"]}}],"collection":[{"href":"https:\/\/mastermas.univ-lyon1.fr\/index.php\/wp-json\/wp\/v2\/pages"}],"about":[{"href":"https:\/\/mastermas.univ-lyon1.fr\/index.php\/wp-json\/wp\/v2\/types\/page"}],"author":[{"embeddable":true,"href":"https:\/\/mastermas.univ-lyon1.fr\/index.php\/wp-json\/wp\/v2\/users\/6"}],"replies":[{"embeddable":true,"href":"https:\/\/mastermas.univ-lyon1.fr\/index.php\/wp-json\/wp\/v2\/comments?post=977"}],"version-history":[{"count":1,"href":"https:\/\/mastermas.univ-lyon1.fr\/index.php\/wp-json\/wp\/v2\/pages\/977\/revisions"}],"predecessor-version":[{"id":978,"href":"https:\/\/mastermas.univ-lyon1.fr\/index.php\/wp-json\/wp\/v2\/pages\/977\/revisions\/978"}],"wp:attachment":[{"href":"https:\/\/mastermas.univ-lyon1.fr\/index.php\/wp-json\/wp\/v2\/media?parent=977"}],"curies":[{"name":"wp","href":"https:\/\/api.w.org\/{rel}","templated":true}]}}